{"id":2528,"date":"2026-01-16T21:50:00","date_gmt":"2026-01-16T21:50:00","guid":{"rendered":"https:\/\/inspir3d.io\/aviso-legal\/"},"modified":"2026-01-17T12:39:31","modified_gmt":"2026-01-17T12:39:31","slug":"aviso-legal","status":"publish","type":"page","link":"https:\/\/inspir3d.io\/es\/aviso-legal\/","title":{"rendered":"Aviso legal"},"content":{"rendered":"\t\t<div data-elementor-type=\"wp-page\" data-elementor-id=\"2528\" class=\"elementor elementor-2528 elementor-2469\" data-elementor-post-type=\"page\">\n\t\t\t\t<div class=\"elementor-element elementor-element-f3e00dd e-flex e-con-boxed wpr-particle-no wpr-jarallax-no wpr-parallax-no wpr-sticky-section-no wpr-equal-height-no e-con e-parent\" data-id=\"f3e00dd\" data-element_type=\"container\" data-e-type=\"container\" data-settings=\"{&quot;background_background&quot;:&quot;video&quot;,&quot;background_video_link&quot;:&quot;https:\\\/\\\/inspir3d.io\\\/wp-content\\\/uploads\\\/2025\\\/12\\\/3129576-uhd_3840_2160_30fps.mp4&quot;,&quot;background_play_on_mobile&quot;:&quot;yes&quot;}\">\n\t\t\t\t\t<div class=\"e-con-inner\">\n\t\t<div class=\"elementor-background-video-container\">\n\t\t\t\t\t\t\t<video class=\"elementor-background-video-hosted\" role=\"presentation\" autoplay muted playsinline loop><\/video>\n\t\t\t\t\t<\/div><div class=\"elementor-element elementor-element-e38b99c e-con-full e-flex wpr-particle-no wpr-jarallax-no wpr-parallax-no wpr-sticky-section-no wpr-equal-height-no e-con e-child\" data-id=\"e38b99c\" data-element_type=\"container\" data-e-type=\"container\">\n\t\t<div class=\"elementor-element elementor-element-496632b e-con-full e-flex wpr-particle-no wpr-jarallax-no wpr-parallax-no wpr-sticky-section-no wpr-equal-height-no e-con e-child\" data-id=\"496632b\" data-element_type=\"container\" data-e-type=\"container\">\n\t\t\t\t<div class=\"elementor-element elementor-element-bb94b22 elementor-widget elementor-widget-heading\" data-id=\"bb94b22\" data-element_type=\"widget\" data-e-type=\"widget\" data-widget_type=\"heading.default\">\n\t\t\t\t\t<h1 class=\"elementor-heading-title elementor-size-default\">Aviso legal<\/h1>\t\t\t\t<\/div>\n\t\t\t\t<\/div>\n\t\t\t\t<\/div>\n\t\t\t\t\t<\/div>\n\t\t\t\t<\/div>\n\t\t<div class=\"elementor-element elementor-element-2c30c60 e-flex e-con-boxed wpr-particle-no wpr-jarallax-no wpr-parallax-no wpr-sticky-section-no wpr-equal-height-no e-con e-parent\" data-id=\"2c30c60\" data-element_type=\"container\" data-e-type=\"container\" data-settings=\"{&quot;background_background&quot;:&quot;gradient&quot;}\">\n\t\t\t\t\t<div class=\"e-con-inner\">\n\t\t<div class=\"elementor-element elementor-element-32b0812 e-con-full e-flex wpr-particle-no wpr-jarallax-no wpr-parallax-no wpr-sticky-section-no wpr-equal-height-no e-con e-child\" data-id=\"32b0812\" data-element_type=\"container\" data-e-type=\"container\">\n\t\t<div class=\"elementor-element elementor-element-00ee643 e-con-full e-flex wpr-particle-no wpr-jarallax-no wpr-parallax-no wpr-sticky-section-no wpr-equal-height-no e-con e-child\" data-id=\"00ee643\" data-element_type=\"container\" data-e-type=\"container\">\n\t\t<div class=\"elementor-element elementor-element-6703b2a e-con-full e-flex wpr-particle-no wpr-jarallax-no wpr-parallax-no wpr-sticky-section-no wpr-equal-height-no e-con e-child\" data-id=\"6703b2a\" data-element_type=\"container\" data-e-type=\"container\">\n\t\t\t\t<div class=\"elementor-element elementor-element-bb3bafb elementor-widget elementor-widget-text-editor\" data-id=\"bb3bafb\" data-element_type=\"widget\" data-e-type=\"widget\" data-widget_type=\"text-editor.default\">\n\t\t\t\t\t\t\t\t\t<h4 data-start=\"4193\" data-end=\"4224\">Aviso de propiedad intelectual<\/h4><p data-start=\"4226\" data-end=\"4423\">Todos los materiales publicados en este sitio web son propiedad exclusiva de Inspir3d Studio, a menos que se indique lo contrario. Queda estrictamente prohibido el uso, la reproducci\u00f3n o la distribuci\u00f3n no autorizados de cualquier contenido. <\/p><hr data-start=\"4425\" data-end=\"4428\"><h4 data-start=\"4430\" data-end=\"4456\">Aviso profesional<\/h4><p data-start=\"4458\" data-end=\"4676\">La informaci\u00f3n proporcionada en este sitio web tiene \u00fanicamente fines informativos generales. No constituye asesoramiento profesional, legal, financiero o empresarial. Cualquier confianza depositada en la informaci\u00f3n es a su propia discreci\u00f3n.  <\/p><hr data-start=\"4678\" data-end=\"4681\"><h4 data-start=\"4683\" data-end=\"4706\">Aviso de exenci\u00f3n de responsabilidad<\/h4><p data-start=\"4708\" data-end=\"4954\">Inspir3d Studio se esfuerza por garantizar la exactitud y la relevancia de todo el contenido, pero no ofrece garant\u00edas con respecto a su integridad o idoneidad. No nos haremos responsables de los da\u00f1os que resulten del uso de este sitio web o de la confianza depositada en su contenido. <\/p><hr data-start=\"4956\" data-end=\"4959\"><h4 data-start=\"4961\" data-end=\"4989\">Aviso de enlaces externos<\/h4><p data-start=\"4991\" data-end=\"5142\">Este sitio web puede hacer referencia a plataformas o herramientas de terceros. Inspir3d Studio no se hace responsable del contenido externo, la disponibilidad o las pr\u00e1cticas de privacidad. <\/p>\t\t\t\t\t\t\t\t<\/div>\n\t\t\t\t<\/div>\n\t\t\t\t<\/div>\n\t\t\t\t<\/div>\n\t\t\t\t\t<\/div>\n\t\t\t\t<\/div>\n\t\t\t\t<\/div>\n\t\t","protected":false},"excerpt":{"rendered":"<p>Aviso legal Aviso de propiedad intelectual Todos los materiales publicados en este sitio web son propiedad exclusiva de Inspir3d Studio, a menos que se indique lo contrario. Queda estrictamente prohibido el uso, la reproducci\u00f3n o la distribuci\u00f3n no autorizados de cualquier contenido. Aviso profesional La informaci\u00f3n proporcionada en este sitio web tiene \u00fanicamente fines informativos generales. No constituye asesoramiento profesional, legal, financiero o empresarial. Cualquier confianza depositada en la informaci\u00f3n es a su propia discreci\u00f3n. Aviso de exenci\u00f3n de responsabilidad Inspir3d Studio se esfuerza por garantizar la exactitud y la relevancia de todo el contenido, pero no ofrece garant\u00edas con respecto a su integridad o idoneidad. No nos haremos responsables de los da\u00f1os que resulten del uso de este sitio web o de la confianza depositada en su contenido. Aviso de enlaces externos Este sitio web puede hacer referencia a plataformas o herramientas de terceros. Inspir3d Studio no se hace responsable del contenido externo, la disponibilidad o las pr\u00e1cticas de privacidad.<\/p>\n","protected":false},"author":1,"featured_media":0,"parent":0,"menu_order":0,"comment_status":"closed","ping_status":"closed","template":"","meta":{"jetpack_post_was_ever_published":false,"footnotes":""},"class_list":["post-2528","page","type-page","status-publish","hentry"],"jetpack_sharing_enabled":true,"jetpack_shortlink":"https:\/\/wp.me\/PfGQMv-EM","_links":{"self":[{"href":"https:\/\/inspir3d.io\/es\/wp-json\/wp\/v2\/pages\/2528","targetHints":{"allow":["GET"]}}],"collection":[{"href":"https:\/\/inspir3d.io\/es\/wp-json\/wp\/v2\/pages"}],"about":[{"href":"https:\/\/inspir3d.io\/es\/wp-json\/wp\/v2\/types\/page"}],"author":[{"embeddable":true,"href":"https:\/\/inspir3d.io\/es\/wp-json\/wp\/v2\/users\/1"}],"replies":[{"embeddable":true,"href":"https:\/\/inspir3d.io\/es\/wp-json\/wp\/v2\/comments?post=2528"}],"version-history":[{"count":2,"href":"https:\/\/inspir3d.io\/es\/wp-json\/wp\/v2\/pages\/2528\/revisions"}],"predecessor-version":[{"id":2530,"href":"https:\/\/inspir3d.io\/es\/wp-json\/wp\/v2\/pages\/2528\/revisions\/2530"}],"wp:attachment":[{"href":"https:\/\/inspir3d.io\/es\/wp-json\/wp\/v2\/media?parent=2528"}],"curies":[{"name":"wp","href":"https:\/\/api.w.org\/{rel}","templated":true}]}}