{"id":2883,"date":"2026-01-18T16:53:21","date_gmt":"2026-01-18T16:53:21","guid":{"rendered":"https:\/\/inspir3d.io\/politica-de-cookies-ue\/"},"modified":"2026-01-19T18:19:48","modified_gmt":"2026-01-19T18:19:48","slug":"politica-de-cookies-ue","status":"publish","type":"page","link":"https:\/\/inspir3d.io\/es\/politica-de-cookies-ue\/","title":{"rendered":"Pol\u00edtica de cookies (UE)"},"content":{"rendered":"\t\t<div data-elementor-type=\"wp-page\" data-elementor-id=\"2883\" class=\"elementor elementor-2883 elementor-2881\" data-elementor-post-type=\"page\">\n\t\t\t\t<div class=\"elementor-element elementor-element-eaf6694 e-flex e-con-boxed wpr-particle-no wpr-jarallax-no wpr-parallax-no wpr-sticky-section-no wpr-equal-height-no e-con e-parent\" data-id=\"eaf6694\" data-element_type=\"container\" data-e-type=\"container\" data-settings=\"{&quot;background_background&quot;:&quot;video&quot;,&quot;background_video_link&quot;:&quot;https:\\\/\\\/inspir3d.io\\\/wp-content\\\/uploads\\\/2025\\\/12\\\/3129576-uhd_3840_2160_30fps.mp4&quot;,&quot;background_play_on_mobile&quot;:&quot;yes&quot;}\">\n\t\t\t\t\t<div class=\"e-con-inner\">\n\t\t<div class=\"elementor-background-video-container\">\n\t\t\t\t\t\t\t<video class=\"elementor-background-video-hosted\" role=\"presentation\" autoplay muted playsinline loop><\/video>\n\t\t\t\t\t<\/div><div class=\"elementor-element elementor-element-bc9ec19 e-con-full e-flex wpr-particle-no wpr-jarallax-no wpr-parallax-no wpr-sticky-section-no wpr-equal-height-no e-con e-child\" data-id=\"bc9ec19\" data-element_type=\"container\" data-e-type=\"container\">\n\t\t<div class=\"elementor-element elementor-element-fb798d5 e-con-full e-flex wpr-particle-no wpr-jarallax-no wpr-parallax-no wpr-sticky-section-no wpr-equal-height-no e-con e-child\" data-id=\"fb798d5\" data-element_type=\"container\" data-e-type=\"container\">\n\t\t\t\t<div class=\"elementor-element elementor-element-afa3abd elementor-widget elementor-widget-heading\" data-id=\"afa3abd\" data-element_type=\"widget\" data-e-type=\"widget\" data-widget_type=\"heading.default\">\n\t\t\t\t\t<h1 class=\"elementor-heading-title elementor-size-default\">Pol\u00edtica de cookies (UE)<\/h1>\t\t\t\t<\/div>\n\t\t\t\t<\/div>\n\t\t\t\t<\/div>\n\t\t\t\t\t<\/div>\n\t\t\t\t<\/div>\n\t\t<div class=\"elementor-element elementor-element-140e0dc1 e-flex e-con-boxed wpr-particle-no wpr-jarallax-no wpr-parallax-no wpr-sticky-section-no wpr-equal-height-no e-con e-parent\" data-id=\"140e0dc1\" data-element_type=\"container\" data-e-type=\"container\" data-settings=\"{&quot;background_background&quot;:&quot;gradient&quot;}\">\n\t\t\t\t\t<div class=\"e-con-inner\">\n\t\t\t\t<div class=\"elementor-element elementor-element-6b0629b elementor-widget elementor-widget-text-editor\" data-id=\"6b0629b\" data-element_type=\"widget\" data-e-type=\"widget\" data-widget_type=\"text-editor.default\">\n\t\t\t\t\t\t\t\t\t<p><i>Esta pol\u00edtica de cookies se actualiz\u00f3 por \u00faltima vez el 19 de enero de 2026 y se aplica a los ciudadanos y residentes legales permanentes del Espacio Econ\u00f3mico Europeo y Suiza.<\/i><\/p><h4>1. Introducci\u00f3n<\/h4><p>Nuestro sitio web, https:\/\/inspir3d.io (en adelante, \u00abel sitio web\u00bb) utiliza cookies y otras tecnolog\u00edas relacionadas (para mayor comodidad, todas las tecnolog\u00edas se denominan \u00abcookies\u00bb). Las cookies tambi\u00e9n son colocadas por terceros con los que hemos colaborado. En el siguiente documento, le informamos sobre el uso de cookies en nuestro sitio web.<\/p><h4>2. \u00bfQu\u00e9 son las cookies?<\/h4><p>Una cookie es un peque\u00f1o archivo simple que se env\u00eda junto con las p\u00e1ginas de este sitio web y que su navegador almacena en el disco duro de su ordenador u otro dispositivo. La informaci\u00f3n almacenada en \u00e9l puede ser devuelta a nuestros servidores o a los servidores de los terceros pertinentes durante una visita posterior.<\/p><h4>3. \u00bfQu\u00e9 son los scripts?<\/h4><p>Un script es un fragmento de c\u00f3digo de programa que se utiliza para que nuestro sitio web funcione correctamente e interact\u00fae. Este c\u00f3digo se ejecuta en nuestro servidor o en su dispositivo.<\/p><h4>4. \u00bfQu\u00e9 es una baliza web?<\/h4><p>Una baliza web (o etiqueta de p\u00edxel) es una peque\u00f1a pieza invisible de texto o imagen en un sitio web que se utiliza para supervisar el tr\u00e1fico en un sitio web. Para ello, se almacenan varios datos sobre usted mediante balizas web.<\/p><h4>5. Cookies<\/h4><p class=\"cmplz-subtitle\">5.1 Cookies t\u00e9cnicas o funcionales<\/p><p>Algunas cookies garantizan que ciertas partes del sitio web funcionen correctamente y que sus preferencias de usuario sigan siendo conocidas. Al colocar cookies funcionales, le facilitamos la visita a nuestro sitio web. De esta manera, no necesita introducir repetidamente la misma informaci\u00f3n al visitar nuestro sitio web y, por ejemplo, los art\u00edculos permanecen en su carrito de la compra hasta que haya pagado. Podemos colocar estas cookies sin su consentimiento.<\/p><p class=\"cmplz-subtitle\">5.2 Cookies de estad\u00edsticas<\/p><p>Utilizamos cookies de estad\u00edsticas para optimizar la experiencia del sitio web para nuestros usuarios. Con estas cookies de estad\u00edsticas obtenemos informaci\u00f3n sobre el uso de nuestro sitio web. Le pedimos su permiso para colocar cookies de estad\u00edsticas.<\/p><p class=\"cmplz-subtitle\">5.3 Cookies de marketing\/seguimiento<\/p><p>Las cookies de marketing\/seguimiento son cookies o cualquier otra forma de almacenamiento local, que se utilizan para crear perfiles de usuario para mostrar publicidad o para rastrear al usuario en este sitio web o en varios sitios web para fines de marketing similares.<\/p><p class=\"cmplz-subtitle\">5.4 Redes sociales<\/p><p>En nuestro sitio web, hemos incluido contenido de LinkedIn, Instagram, Facebook y X (anteriormente Twitter) para promocionar p\u00e1ginas web (por ejemplo, \u00abme gusta\u00bb, \u00abpin\u00bb) o compartir (por ejemplo, \u00abtweet\u00bb) en redes sociales como LinkedIn, Instagram, Facebook y X (anteriormente Twitter). Este contenido est\u00e1 incrustado con c\u00f3digo derivado de LinkedIn, Instagram, Facebook y X (anteriormente Twitter) y coloca cookies. Este contenido podr\u00eda almacenar y procesar cierta informaci\u00f3n para publicidad personalizada.<\/p><p>Por favor, lea la declaraci\u00f3n de privacidad de estas redes sociales (que puede cambiar regularmente) para leer lo que hacen con sus datos (personales) que procesan utilizando estas cookies. Los datos que se recuperan se anonimizan en la medida de lo posible. LinkedIn, Instagram, Facebook y X (anteriormente Twitter) se encuentran en los Estados Unidos.<\/p>\t\t\t\t\t\t\t\t<\/div>\n\t\t\t\t<div class=\"elementor-element elementor-element-e5e3f61 elementor-widget elementor-widget-text-editor\" data-id=\"e5e3f61\" data-element_type=\"widget\" data-e-type=\"widget\" data-widget_type=\"text-editor.default\">\n\t\t\t\t\t\t\t\t\t<h4>6. Consentimiento<\/h4><p>Cuando visite nuestro sitio web por primera vez, le mostraremos una ventana emergente con una explicaci\u00f3n sobre las cookies. Tan pronto como haga clic en \u00abGuardar preferencias\u00bb, nos da su consentimiento para que utilicemos las categor\u00edas de cookies y complementos que seleccion\u00f3 en la ventana emergente, como se describe en esta Pol\u00edtica de cookies. Puede desactivar el uso de cookies a trav\u00e9s de su navegador, pero tenga en cuenta que es posible que nuestro sitio web ya no funcione correctamente.<\/p><p class=\"cmplz-subtitle\">7.1 Administrar su configuraci\u00f3n de consentimiento<\/p><div id=\"cmplz-manage-consent-container\" class=\"cmplz-manage-consent-container\"><div class=\"cmplz-categories\"><details class=\"cmplz-category cmplz-functional\"><summary><span class=\"cmplz-category-header\"><span class=\"cmplz-category-title\">Funcional<\/span><span class=\"cmplz-always-active\">Siempre activo<\/span><\/span><\/summary><div class=\"cmplz-description\"><span class=\"cmplz-description-functional\">El almacenamiento o acceso t\u00e9cnico es estrictamente necesario para el prop\u00f3sito leg\u00edtimo de permitir el uso de un servicio espec\u00edfico expl\u00edcitamente solicitado por el suscriptor o usuario, o para el \u00fanico prop\u00f3sito de llevar a cabo la transmisi\u00f3n de una comunicaci\u00f3n a trav\u00e9s de una red de comunicaciones electr\u00f3nicas.<\/span><\/div><\/details><details class=\"cmplz-category cmplz-statistics\"><summary><span class=\"cmplz-category-header\"><span class=\"cmplz-category-title\">Estad\u00edsticas<\/span><span class=\"cmplz-banner-checkbox\"><input id=\"cmplz-statistics-optin\" class=\"cmplz-consent-checkbox cmplz-statistics\" size=\"40\" type=\"checkbox\" value=\"1\" data-category=\"cmplz_statistics\" \/><label class=\"cmplz-label\" for=\"cmplz-statistics-optin\"><span class=\"screen-reader-text\">Estad\u00edsticas<\/span><\/label><\/span><\/span><\/summary><div class=\"cmplz-description\"><span class=\"cmplz-description-statistics\">El almacenamiento o acceso t\u00e9cnico que se utiliza exclusivamente con fines estad\u00edsticos.<\/span><\/div><\/details><details class=\"cmplz-category cmplz-marketing\"><summary><span class=\"cmplz-category-header\"><span class=\"cmplz-category-title\">Marketing<\/span><span class=\"cmplz-banner-checkbox\"><input id=\"cmplz-marketing-optin\" class=\"cmplz-consent-checkbox cmplz-marketing\" size=\"40\" type=\"checkbox\" value=\"1\" data-category=\"cmplz_marketing\" \/><label class=\"cmplz-label\" for=\"cmplz-marketing-optin\"><span class=\"screen-reader-text\">Marketing<\/span><\/label><\/span><\/span><\/summary><div class=\"cmplz-description\"><span class=\"cmplz-description-marketing\">Se requiere el almacenamiento o acceso t\u00e9cnico para crear perfiles de usuario para enviar publicidad, o para rastrear al usuario en un sitio web o en varios sitios web para fines de marketing similares.<\/span><\/div><\/details><\/div><\/div><h4>7. Activaci\u00f3n\/desactivaci\u00f3n y eliminaci\u00f3n de cookies<\/h4><p>Puede utilizar su navegador de Internet para eliminar las cookies de forma autom\u00e1tica o manual. Tambi\u00e9n puede especificar que no se coloquen determinadas cookies. Otra opci\u00f3n es cambiar la configuraci\u00f3n de su navegador de Internet para que reciba un mensaje cada vez que se coloque una cookie. Para obtener m\u00e1s informaci\u00f3n sobre estas opciones, consulte las instrucciones de la secci\u00f3n Ayuda de su navegador.<\/p><p>Tenga en cuenta que es posible que nuestro sitio web no funcione correctamente si todas las cookies est\u00e1n desactivadas. Si elimina las cookies de su navegador, se volver\u00e1n a colocar despu\u00e9s de su consentimiento cuando vuelva a visitar nuestro sitio web.<\/p><h4>8. Sus derechos con respecto a los datos personales<\/h4><p>Usted tiene los siguientes derechos con respecto a sus datos personales:<\/p><ul><li>Tiene derecho a saber por qu\u00e9 se necesitan sus datos personales, qu\u00e9 va a pasar con ellos y durante cu\u00e1nto tiempo se van a conservar.<\/li><li>Derecho de acceso: Tiene derecho a acceder a sus datos personales que nos son conocidos.<\/li><li>Derecho de rectificaci\u00f3n: tiene derecho a complementar, corregir, eliminar o bloquear sus datos personales cuando lo desee.<\/li><li>Si nos da su consentimiento para procesar sus datos, tiene derecho a revocar ese consentimiento y a que se eliminen sus datos personales.<\/li><li>Derecho a transferir sus datos: tiene derecho a solicitar todos sus datos personales al responsable del tratamiento y a transferirlos en su totalidad a otro responsable del tratamiento.<\/li><li>Derecho de oposici\u00f3n: puede oponerse al procesamiento de sus datos. Cumplimos con esto, a menos que existan motivos justificados para el procesamiento.<\/li><\/ul><p>Para ejercer estos derechos, p\u00f3ngase en contacto con nosotros. Consulte los datos de contacto al final de esta Pol\u00edtica de cookies. Si tiene una queja sobre c\u00f3mo gestionamos sus datos, nos gustar\u00eda saberlo, pero tambi\u00e9n tiene derecho a presentar una queja ante la autoridad de control (la Autoridad de Protecci\u00f3n de Datos).<\/p><h4>9. Datos de contacto<\/h4><p>Si tiene preguntas y\/o comentarios sobre nuestra Pol\u00edtica de cookies y esta declaraci\u00f3n, p\u00f3ngase en contacto con nosotros utilizando los siguientes datos de contacto:<\/p><p><span class=\"cmplz-contact-organisation\">Inspir3d Studio<\/span><br \/><span class=\"cmplz-contact-address\">149 Avenue du Maine, 75014 Paris<\/span><br \/><span class=\"cmplz-contact-country\">Francia<\/span><br \/>Sitio web: <span class=\"cmplz-contact-domain\">https:\/\/inspir3d.io<\/span><br \/>Correo electr\u00f3nico: <span class=\"cmplz-contact-email\"><span class=\"cmplz-obfuscate\">contact@inspir3d.io<\/span><\/span><br \/><span class=\"cmplz-contact-telephone\">N\u00famero de tel\u00e9fono: 0188313435<\/span><\/p><p>Esta pol\u00edtica de cookies se sincroniz\u00f3 con cookiedatabase.org el 18 de enero de 2026.<\/p>\t\t\t\t\t\t\t\t<\/div>\n\t\t\t\t\t<\/div>\n\t\t\t\t<\/div>\n\t\t\t\t<\/div>\n\t\t","protected":false},"excerpt":{"rendered":"<p>Pol\u00edtica de cookies (UE) Esta pol\u00edtica de cookies se actualiz\u00f3 por \u00faltima vez el 19 de enero de 2026 y se aplica a los ciudadanos y residentes legales permanentes del Espacio Econ\u00f3mico Europeo y Suiza. 1. Introducci\u00f3n Nuestro sitio web, https:\/\/inspir3d.io (en adelante, \u00abel sitio web\u00bb) utiliza cookies y otras tecnolog\u00edas relacionadas (para mayor comodidad, todas las tecnolog\u00edas se denominan \u00abcookies\u00bb). Las cookies tambi\u00e9n son colocadas por terceros con los que hemos colaborado. En el siguiente documento, le informamos sobre el uso de cookies en nuestro sitio web. 2. \u00bfQu\u00e9 son las cookies? Una cookie es un peque\u00f1o archivo simple que se env\u00eda junto con las p\u00e1ginas de este sitio web y que su navegador almacena en el disco duro de su ordenador u otro dispositivo. La informaci\u00f3n almacenada en \u00e9l puede ser devuelta a nuestros servidores o a los servidores de los terceros pertinentes durante una visita posterior. 3. \u00bfQu\u00e9 son los scripts? Un script es un fragmento de c\u00f3digo de programa que se utiliza para que nuestro sitio web funcione correctamente e interact\u00fae. Este c\u00f3digo se ejecuta en nuestro servidor o en su dispositivo. 4. \u00bfQu\u00e9 es una baliza web? Una baliza web (o etiqueta de p\u00edxel) es una peque\u00f1a pieza invisible de texto o imagen en un sitio web que se utiliza para supervisar el tr\u00e1fico en un sitio web. Para ello, se almacenan varios datos sobre usted mediante balizas web. 5. Cookies 5.1 Cookies t\u00e9cnicas o funcionales Algunas cookies garantizan que ciertas partes del sitio web funcionen correctamente y que sus preferencias de usuario sigan siendo conocidas. Al colocar cookies funcionales, le facilitamos la visita a nuestro sitio web. De esta manera, no necesita introducir repetidamente la misma informaci\u00f3n al visitar nuestro sitio web y, por ejemplo, los art\u00edculos permanecen en su carrito de la compra hasta que haya pagado. Podemos colocar estas cookies sin su consentimiento. 5.2 Cookies de estad\u00edsticas Utilizamos cookies de estad\u00edsticas para optimizar la experiencia del sitio web para nuestros usuarios. Con estas cookies de estad\u00edsticas obtenemos informaci\u00f3n sobre el uso de nuestro sitio web. Le pedimos su permiso para colocar cookies de estad\u00edsticas. 5.3 Cookies de marketing\/seguimiento Las cookies de marketing\/seguimiento son cookies o cualquier otra forma de almacenamiento local, que se utilizan para crear perfiles de usuario para mostrar publicidad o para rastrear al usuario en este sitio web o en varios sitios web para fines de marketing similares. 5.4 Redes sociales En nuestro sitio web, hemos incluido contenido de LinkedIn, Instagram, Facebook y X (anteriormente Twitter) para promocionar p\u00e1ginas web (por ejemplo, \u00abme gusta\u00bb, \u00abpin\u00bb) o compartir (por ejemplo, \u00abtweet\u00bb) en redes sociales como LinkedIn, Instagram, Facebook y X (anteriormente Twitter). Este contenido est\u00e1 incrustado con c\u00f3digo derivado de LinkedIn, Instagram, Facebook y X (anteriormente Twitter) y coloca cookies. Este contenido podr\u00eda almacenar y procesar cierta informaci\u00f3n para publicidad personalizada. Por favor, lea la declaraci\u00f3n de privacidad de estas redes sociales (que puede cambiar regularmente) para leer lo que hacen con sus datos (personales) que procesan utilizando estas cookies. Los datos que se recuperan se anonimizan en la medida de lo posible. LinkedIn, Instagram, Facebook y X (anteriormente Twitter) se encuentran en los Estados Unidos. 6. Consentimiento Cuando visite nuestro sitio web por primera vez, le mostraremos una ventana emergente con una explicaci\u00f3n sobre las cookies. Tan pronto como haga clic en \u00abGuardar preferencias\u00bb, nos da su consentimiento para que utilicemos las categor\u00edas de cookies y complementos que seleccion\u00f3 en la ventana emergente, como se describe en esta Pol\u00edtica de cookies. Puede desactivar el uso de cookies a trav\u00e9s de su navegador, pero tenga en cuenta que es posible que nuestro sitio web ya no funcione correctamente. 7.1 Administrar su configuraci\u00f3n de consentimiento FuncionalSiempre activo El almacenamiento o acceso t\u00e9cnico es estrictamente necesario para el prop\u00f3sito leg\u00edtimo de permitir el uso de un servicio espec\u00edfico expl\u00edcitamente solicitado por el suscriptor o usuario, o para el \u00fanico prop\u00f3sito de llevar a cabo la transmisi\u00f3n de una comunicaci\u00f3n a trav\u00e9s de una red de comunicaciones electr\u00f3nicas. Estad\u00edsticasEstad\u00edsticas El almacenamiento o acceso t\u00e9cnico que se utiliza exclusivamente con fines estad\u00edsticos. MarketingMarketing Se requiere el almacenamiento o acceso t\u00e9cnico para crear perfiles de usuario para enviar publicidad, o para rastrear al usuario en un sitio web o en varios sitios web para fines de marketing similares. 7. Activaci\u00f3n\/desactivaci\u00f3n y eliminaci\u00f3n de cookies Puede utilizar su navegador de Internet para eliminar las cookies de forma autom\u00e1tica o manual. Tambi\u00e9n puede especificar que no se coloquen determinadas cookies. Otra opci\u00f3n es cambiar la configuraci\u00f3n de su navegador de Internet para que reciba un mensaje cada vez que se coloque una cookie. Para obtener m\u00e1s informaci\u00f3n sobre estas opciones, consulte las instrucciones de la secci\u00f3n Ayuda de su navegador. Tenga en cuenta que es posible que nuestro sitio web no funcione correctamente si todas las cookies est\u00e1n desactivadas. Si elimina las cookies de su navegador, se volver\u00e1n a colocar despu\u00e9s de su consentimiento cuando vuelva a visitar nuestro sitio web. 8. Sus derechos con respecto a los datos personales Usted tiene los siguientes derechos con respecto a sus datos personales: Tiene derecho a saber por qu\u00e9 se necesitan sus datos personales, qu\u00e9 va a pasar con ellos y durante cu\u00e1nto tiempo se van a conservar. Derecho de acceso: Tiene derecho a acceder a sus datos personales que nos son conocidos. Derecho de rectificaci\u00f3n: tiene derecho a complementar, corregir, eliminar o bloquear sus datos personales cuando lo desee. Si nos da su consentimiento para procesar sus datos, tiene derecho a revocar ese consentimiento y a que se eliminen sus datos personales. Derecho a transferir sus datos: tiene derecho a solicitar todos sus datos personales al responsable del tratamiento y a transferirlos en su totalidad a otro responsable del tratamiento. Derecho de oposici\u00f3n: puede oponerse al procesamiento de sus datos. Cumplimos con esto, a menos que existan motivos justificados para el procesamiento. Para ejercer estos derechos, p\u00f3ngase en contacto con nosotros. Consulte los datos de contacto al final de esta Pol\u00edtica de cookies. Si tiene una queja<\/p>\n","protected":false},"author":1,"featured_media":0,"parent":0,"menu_order":0,"comment_status":"closed","ping_status":"closed","template":"elementor_theme","meta":{"jetpack_post_was_ever_published":false,"footnotes":""},"class_list":["post-2883","page","type-page","status-publish","hentry"],"jetpack_sharing_enabled":true,"jetpack_shortlink":"https:\/\/wp.me\/PfGQMv-Kv","_links":{"self":[{"href":"https:\/\/inspir3d.io\/es\/wp-json\/wp\/v2\/pages\/2883","targetHints":{"allow":["GET"]}}],"collection":[{"href":"https:\/\/inspir3d.io\/es\/wp-json\/wp\/v2\/pages"}],"about":[{"href":"https:\/\/inspir3d.io\/es\/wp-json\/wp\/v2\/types\/page"}],"author":[{"embeddable":true,"href":"https:\/\/inspir3d.io\/es\/wp-json\/wp\/v2\/users\/1"}],"replies":[{"embeddable":true,"href":"https:\/\/inspir3d.io\/es\/wp-json\/wp\/v2\/comments?post=2883"}],"version-history":[{"count":9,"href":"https:\/\/inspir3d.io\/es\/wp-json\/wp\/v2\/pages\/2883\/revisions"}],"predecessor-version":[{"id":3114,"href":"https:\/\/inspir3d.io\/es\/wp-json\/wp\/v2\/pages\/2883\/revisions\/3114"}],"wp:attachment":[{"href":"https:\/\/inspir3d.io\/es\/wp-json\/wp\/v2\/media?parent=2883"}],"curies":[{"name":"wp","href":"https:\/\/api.w.org\/{rel}","templated":true}]}}