{"id":2407,"date":"2026-01-14T08:38:06","date_gmt":"2026-01-14T08:38:06","guid":{"rendered":"https:\/\/inspir3d.io\/product\/barco-de-lujo\/"},"modified":"2026-02-13T13:53:32","modified_gmt":"2026-02-13T13:53:32","slug":"barco-de-lujo","status":"publish","type":"product","link":"https:\/\/inspir3d.io\/es\/product\/barco-de-lujo\/","title":{"rendered":"Barco de lujo"},"content":{"rendered":"<h2 data-start=\"3416\" data-end=\"3450\"><strong data-start=\"3419\" data-end=\"3450\">Configurador 3D de barco de lujo<\/strong><\/h2>\n<p data-start=\"3452\" data-end=\"3668\">Crea una experiencia digital de primera calidad con un configurador 3D interactivo de barcos de lujo. Permite que los clientes exploren el yate en detalle, visualicen los materiales y las distribuciones, y experimenten el producto antes de subir a bordo. <\/p>\n<p data-start=\"3670\" data-end=\"3727\">Descubre c\u00f3mo el 3D inmersivo eleva las ventas de embarcaciones de alta gama.<\/p>\n<p data-start=\"3729\" data-end=\"3774\"><strong data-start=\"3729\" data-end=\"3774\">\u00bfPor qu\u00e9 elegir un configurador 3D de yates de lujo?<\/strong><\/p>\n<ul data-start=\"3775\" data-end=\"4083\">\n<li data-start=\"3775\" data-end=\"3831\">\n<p data-start=\"3777\" data-end=\"3831\">Presenta los yates con impresionantes modelos 3D fotorrealistas<\/p>\n<\/li>\n<li data-start=\"3832\" data-end=\"3890\">\n<p data-start=\"3834\" data-end=\"3890\">Muestra claramente las distribuciones, los acabados y las opciones de dise\u00f1o<\/p>\n<\/li>\n<li data-start=\"3891\" data-end=\"3942\">\n<p data-start=\"3893\" data-end=\"3942\">Genera confianza para decisiones de compra de alto valor<\/p>\n<\/li>\n<li data-start=\"3943\" data-end=\"3993\">\n<p data-start=\"3945\" data-end=\"3993\">Atrae a los clientes potenciales con la exploraci\u00f3n inmersiva en 3D<\/p>\n<\/li>\n<li data-start=\"3994\" data-end=\"4035\">\n<p data-start=\"3996\" data-end=\"4035\">Destaque en el mercado n\u00e1utico de lujo<\/p>\n<\/li>\n<li data-start=\"4036\" data-end=\"4083\">\n<p data-start=\"4038\" data-end=\"4083\">Int\u00e9gralo perfectamente en los showrooms digitales<\/p>\n<\/li>\n<\/ul>\n<p data-start=\"4085\" data-end=\"4188\">Redefine la presentaci\u00f3n de embarcaciones de lujo con la tecnolog\u00eda 3D de \u00faltima generaci\u00f3n.<\/p>\n<p data-start=\"4085\" data-end=\"4188\"><br data-start=\"4143\" data-end=\"4146\"><strong data-start=\"1789\" data-end=\"1831\">Reserva una llamada con nuestros expertos.<\/strong><\/p>\n","protected":false},"excerpt":{"rendered":"<p>Permite que tus clientes visualicen y personalicen tu barco con un configurador 3D. Impresi\u00f3nalos. <\/p>\n","protected":false},"featured_media":3971,"template":"","meta":{"jetpack_post_was_ever_published":false,"jetpack_publicize_message":"","jetpack_publicize_feature_enabled":true,"jetpack_social_post_already_shared":true,"jetpack_social_options":{"image_generator_settings":{"template":"highway","default_image_id":0,"font":"","enabled":false},"version":2},"_wpas_customize_per_network":false},"product_brand":[],"product_cat":[71],"product_tag":[],"class_list":{"0":"post-2407","1":"product","2":"type-product","3":"status-publish","4":"has-post-thumbnail","6":"product_cat-vehiculo","8":"first","9":"instock","10":"sold-individually","11":"shipping-taxable","12":"purchasable","13":"product-type-simple","14":"product-type-zakeke","15":"product-type-external"},"jetpack_publicize_connections":[],"jetpack_sharing_enabled":true,"_links":{"self":[{"href":"https:\/\/inspir3d.io\/es\/wp-json\/wp\/v2\/product\/2407","targetHints":{"allow":["GET"]}}],"collection":[{"href":"https:\/\/inspir3d.io\/es\/wp-json\/wp\/v2\/product"}],"about":[{"href":"https:\/\/inspir3d.io\/es\/wp-json\/wp\/v2\/types\/product"}],"wp:featuredmedia":[{"embeddable":true,"href":"https:\/\/inspir3d.io\/es\/wp-json\/wp\/v2\/media\/3971"}],"wp:attachment":[{"href":"https:\/\/inspir3d.io\/es\/wp-json\/wp\/v2\/media?parent=2407"}],"wp:term":[{"taxonomy":"product_brand","embeddable":true,"href":"https:\/\/inspir3d.io\/es\/wp-json\/wp\/v2\/product_brand?post=2407"},{"taxonomy":"product_cat","embeddable":true,"href":"https:\/\/inspir3d.io\/es\/wp-json\/wp\/v2\/product_cat?post=2407"},{"taxonomy":"product_tag","embeddable":true,"href":"https:\/\/inspir3d.io\/es\/wp-json\/wp\/v2\/product_tag?post=2407"}],"curies":[{"name":"wp","href":"https:\/\/api.w.org\/{rel}","templated":true}]}}