{"id":2891,"date":"2026-01-18T18:00:50","date_gmt":"2026-01-18T18:00:50","guid":{"rendered":"https:\/\/inspir3d.io\/product\/estanteria\/"},"modified":"2026-02-07T09:32:55","modified_gmt":"2026-02-07T09:32:55","slug":"estanteria","status":"publish","type":"product","link":"https:\/\/inspir3d.io\/es\/product\/estanteria\/","title":{"rendered":"Bolso de cuero"},"content":{"rendered":"<h2 data-start=\"1012\" data-end=\"1046\"><strong data-start=\"1015\" data-end=\"1046\">Configurador 3D de bolsos de cuero<\/strong><\/h2>\n<p data-start=\"1048\" data-end=\"1271\">D\u00e9 rienda suelta a la creatividad y la personalizaci\u00f3n con una experiencia interactiva en 3D de bolsos de cuero. Permita que los clientes dise\u00f1en su propio bolso seleccionando materiales, colores, costuras y herrajes, todo visible al instante en 3D de alta calidad. <\/p>\n<p data-start=\"1273\" data-end=\"1333\">Ad\u00e9ntrese en una nueva forma de vender art\u00edculos de cuero de primera calidad en l\u00ednea.<\/p>\n<p data-start=\"1335\" data-end=\"1380\"><strong data-start=\"1335\" data-end=\"1380\">\u00bfPor qu\u00e9 elegir un configurador 3D de bolsos de cuero?<\/strong><\/p>\n<ul data-start=\"1381\" data-end=\"1717\">\n<li data-start=\"1381\" data-end=\"1438\">\n<p data-start=\"1383\" data-end=\"1438\">Destaque la artesan\u00eda con modelos 3D fotorrealistas<\/p>\n<\/li>\n<li data-start=\"1439\" data-end=\"1493\">\n<p data-start=\"1441\" data-end=\"1493\">Ofrezca infinitas opciones de personalizaci\u00f3n en tiempo real<\/p>\n<\/li>\n<li data-start=\"1494\" data-end=\"1547\">\n<p data-start=\"1496\" data-end=\"1547\">Aumente el valor percibido y la conexi\u00f3n emocional<\/p>\n<\/li>\n<li data-start=\"1548\" data-end=\"1595\">\n<p data-start=\"1550\" data-end=\"1595\">Reduzca la incertidumbre sobre el producto y las tasas de devoluci\u00f3n<\/p>\n<\/li>\n<li data-start=\"1596\" data-end=\"1659\">\n<p data-start=\"1598\" data-end=\"1659\">Atraiga a los clientes con la personalizaci\u00f3n en vivo y la interacci\u00f3n 3D<\/p>\n<\/li>\n<li data-start=\"1660\" data-end=\"1717\">\n<p data-start=\"1662\" data-end=\"1717\">Gestione f\u00e1cilmente m\u00faltiples SKU con un cat\u00e1logo 3D din\u00e1mico<\/p>\n<\/li>\n<\/ul>\n<p data-start=\"1719\" data-end=\"1831\">Eleva tu experiencia con art\u00edculos de cuero con una personalizaci\u00f3n envolvente.<\/p>\n<p data-start=\"1719\" data-end=\"1831\"><br data-start=\"1786\" data-end=\"1789\"><strong data-start=\"1789\" data-end=\"1831\">Reserva hoy mismo una llamada gratuita con un experto.<\/strong><\/p>\n","protected":false},"excerpt":{"rendered":"<p>Permita que sus clientes tengan un bolso de cuero hecho a medida y vean lo que obtendr\u00e1n antes de realizar el pedido.<\/p>\n","protected":false},"featured_media":3263,"template":"","meta":{"jetpack_post_was_ever_published":false,"jetpack_publicize_message":"","jetpack_publicize_feature_enabled":true,"jetpack_social_post_already_shared":true,"jetpack_social_options":{"image_generator_settings":{"template":"highway","default_image_id":0,"font":"","enabled":false},"version":2},"_wpas_customize_per_network":false},"product_brand":[],"product_cat":[80],"product_tag":[],"class_list":{"0":"post-2891","1":"product","2":"type-product","3":"status-publish","4":"has-post-thumbnail","6":"product_cat-bolsos","8":"first","9":"instock","10":"sold-individually","11":"shipping-taxable","12":"purchasable","13":"product-type-simple","14":"product-type-zakeke","15":"product-type-external"},"jetpack_publicize_connections":[],"jetpack_sharing_enabled":true,"_links":{"self":[{"href":"https:\/\/inspir3d.io\/es\/wp-json\/wp\/v2\/product\/2891","targetHints":{"allow":["GET"]}}],"collection":[{"href":"https:\/\/inspir3d.io\/es\/wp-json\/wp\/v2\/product"}],"about":[{"href":"https:\/\/inspir3d.io\/es\/wp-json\/wp\/v2\/types\/product"}],"wp:featuredmedia":[{"embeddable":true,"href":"https:\/\/inspir3d.io\/es\/wp-json\/wp\/v2\/media\/3263"}],"wp:attachment":[{"href":"https:\/\/inspir3d.io\/es\/wp-json\/wp\/v2\/media?parent=2891"}],"wp:term":[{"taxonomy":"product_brand","embeddable":true,"href":"https:\/\/inspir3d.io\/es\/wp-json\/wp\/v2\/product_brand?post=2891"},{"taxonomy":"product_cat","embeddable":true,"href":"https:\/\/inspir3d.io\/es\/wp-json\/wp\/v2\/product_cat?post=2891"},{"taxonomy":"product_tag","embeddable":true,"href":"https:\/\/inspir3d.io\/es\/wp-json\/wp\/v2\/product_tag?post=2891"}],"curies":[{"name":"wp","href":"https:\/\/api.w.org\/{rel}","templated":true}]}}