{"id":2894,"date":"2026-01-18T18:01:20","date_gmt":"2026-01-18T18:01:20","guid":{"rendered":"https:\/\/inspir3d.io\/product\/puerta\/"},"modified":"2026-02-07T09:27:29","modified_gmt":"2026-02-07T09:27:29","slug":"puerta","status":"publish","type":"product","link":"https:\/\/inspir3d.io\/es\/product\/puerta\/","title":{"rendered":"Sof\u00e1"},"content":{"rendered":"<h2 data-start=\"2643\" data-end=\"2670\"><strong data-start=\"2646\" data-end=\"2670\">Configurador 3D de sof\u00e1s<\/strong><\/h2>\n<p data-start=\"2672\" data-end=\"2883\">Transforme la compra de muebles con un configurador 3D de sof\u00e1s interactivo que da el control a los clientes. Perm\u00edtales explorar el sof\u00e1 desde todos los \u00e1ngulos y personalizar telas, colores, dise\u00f1os y acabados en tiempo real. <\/p>\n<p data-start=\"2885\" data-end=\"2946\">Vea c\u00f3mo la tecnolog\u00eda 3D cambia la forma en que los clientes eligen muebles en l\u00ednea.<\/p>\n<p data-start=\"2948\" data-end=\"2986\"><strong data-start=\"2948\" data-end=\"2986\">\u00bfPor qu\u00e9 elegir un configurador 3D de sof\u00e1s?<\/strong><\/p>\n<ul data-start=\"2987\" data-end=\"3304\">\n<li data-start=\"2987\" data-end=\"3037\">\n<p data-start=\"2989\" data-end=\"3037\">Muestre sof\u00e1s con visualizaciones 3D realistas<\/p>\n<\/li>\n<li data-start=\"3038\" data-end=\"3094\">\n<p data-start=\"3040\" data-end=\"3094\">Permita que los clientes personalicen m\u00f3dulos y materiales<\/p>\n<\/li>\n<li data-start=\"3095\" data-end=\"3154\">\n<p data-start=\"3097\" data-end=\"3154\">Ayude a los compradores a visualizar el producto final con confianza<\/p>\n<\/li>\n<li data-start=\"3155\" data-end=\"3198\">\n<p data-start=\"3157\" data-end=\"3198\">Reduzca las devoluciones eliminando las conjeturas<\/p>\n<\/li>\n<li data-start=\"3199\" data-end=\"3256\">\n<p data-start=\"3201\" data-end=\"3256\">Aumente la interacci\u00f3n con la exploraci\u00f3n interactiva de productos<\/p>\n<\/li>\n<li data-start=\"3257\" data-end=\"3304\">\n<p data-start=\"3259\" data-end=\"3304\">Gestione las variaciones complejas de productos con facilidad<\/p>\n<\/li>\n<\/ul>\n<p data-start=\"3306\" data-end=\"3409\">Lleva tu experiencia de compra de muebles al siguiente nivel.<\/p>\n<p data-start=\"3306\" data-end=\"3409\"><br data-start=\"3364\" data-end=\"3367\"><strong data-start=\"1789\" data-end=\"1831\">Reserva hoy mismo una llamada gratuita con un experto.<\/strong><\/p>\n","protected":false},"excerpt":{"rendered":"<p>\u00bfQuiere impresionar a sus clientes y permitirles comprar un sof\u00e1 hecho a medida? Este configurador de sof\u00e1s ser\u00e1 perfecto para su negocio. <\/p>\n","protected":false},"featured_media":3292,"template":"","meta":{"jetpack_post_was_ever_published":false,"jetpack_publicize_message":"","jetpack_publicize_feature_enabled":true,"jetpack_social_post_already_shared":true,"jetpack_social_options":{"image_generator_settings":{"template":"highway","default_image_id":0,"font":"","enabled":false},"version":2},"_wpas_customize_per_network":false},"product_brand":[],"product_cat":[77],"product_tag":[],"class_list":{"0":"post-2894","1":"product","2":"type-product","3":"status-publish","4":"has-post-thumbnail","6":"product_cat-mobiliario","8":"first","9":"instock","10":"sold-individually","11":"shipping-taxable","12":"purchasable","13":"product-type-simple","14":"product-type-zakeke","15":"product-type-external"},"jetpack_publicize_connections":[],"jetpack_sharing_enabled":true,"_links":{"self":[{"href":"https:\/\/inspir3d.io\/es\/wp-json\/wp\/v2\/product\/2894","targetHints":{"allow":["GET"]}}],"collection":[{"href":"https:\/\/inspir3d.io\/es\/wp-json\/wp\/v2\/product"}],"about":[{"href":"https:\/\/inspir3d.io\/es\/wp-json\/wp\/v2\/types\/product"}],"wp:featuredmedia":[{"embeddable":true,"href":"https:\/\/inspir3d.io\/es\/wp-json\/wp\/v2\/media\/3292"}],"wp:attachment":[{"href":"https:\/\/inspir3d.io\/es\/wp-json\/wp\/v2\/media?parent=2894"}],"wp:term":[{"taxonomy":"product_brand","embeddable":true,"href":"https:\/\/inspir3d.io\/es\/wp-json\/wp\/v2\/product_brand?post=2894"},{"taxonomy":"product_cat","embeddable":true,"href":"https:\/\/inspir3d.io\/es\/wp-json\/wp\/v2\/product_cat?post=2894"},{"taxonomy":"product_tag","embeddable":true,"href":"https:\/\/inspir3d.io\/es\/wp-json\/wp\/v2\/product_tag?post=2894"}],"curies":[{"name":"wp","href":"https:\/\/api.w.org\/{rel}","templated":true}]}}