{"id":2898,"date":"2026-01-18T18:01:47","date_gmt":"2026-01-18T18:01:47","guid":{"rendered":"https:\/\/inspir3d.io\/product\/bicicleta\/"},"modified":"2026-02-07T09:25:09","modified_gmt":"2026-02-07T09:25:09","slug":"bicicleta","status":"publish","type":"product","link":"https:\/\/inspir3d.io\/es\/product\/bicicleta\/","title":{"rendered":"Bicicleta"},"content":{"rendered":"<h2 data-start=\"138\" data-end=\"168\"><strong data-start=\"141\" data-end=\"168\">Configurador 3D de bicicletas<\/strong><\/h2>\n<p data-start=\"170\" data-end=\"425\">Inspire a sus clientes con una experiencia interactiva en 3D de bicicletas, dise\u00f1ada para la personalizaci\u00f3n y la participaci\u00f3n. Permita que los usuarios exploren cada \u00e1ngulo de la bicicleta, personalicen los componentes y visualicen su configuraci\u00f3n perfecta en tiempo real con una calidad 3D sorprendente. <\/p>\n<p data-start=\"427\" data-end=\"496\">Ad\u00e9ntrese y descubra c\u00f3mo el 3D transforma la forma en que se venden las bicicletas en l\u00ednea.<\/p>\n<p data-start=\"498\" data-end=\"539\"><strong data-start=\"498\" data-end=\"539\">\u00bfPor qu\u00e9 elegir un configurador 3D de bicicletas?<\/strong><\/p>\n<ul data-start=\"540\" data-end=\"887\">\n<li data-start=\"540\" data-end=\"595\">\n<p data-start=\"542\" data-end=\"595\">Muestre las bicicletas con una visualizaci\u00f3n 3D fotorrealista<\/p>\n<\/li>\n<li data-start=\"596\" data-end=\"665\">\n<p data-start=\"598\" data-end=\"665\">Ofrezca una personalizaci\u00f3n ilimitada de cuadros, colores y accesorios<\/p>\n<\/li>\n<li data-start=\"666\" data-end=\"718\">\n<p data-start=\"668\" data-end=\"718\">Ayude a los clientes a tomar decisiones de compra con confianza<\/p>\n<\/li>\n<li data-start=\"719\" data-end=\"779\">\n<p data-start=\"721\" data-end=\"779\">Reduzca las devoluciones mostrando exactamente lo que recibir\u00e1n<\/p>\n<\/li>\n<li data-start=\"780\" data-end=\"832\">\n<p data-start=\"782\" data-end=\"832\">Aumente la participaci\u00f3n con experiencias 3D interactivas<\/p>\n<\/li>\n<li data-start=\"833\" data-end=\"887\">\n<p data-start=\"835\" data-end=\"887\">Int\u00e9grelo perfectamente en su plataforma de comercio electr\u00f3nico<\/p>\n<\/li>\n<\/ul>\n<p data-start=\"889\" data-end=\"1005\">Lleva tu experiencia de compra de bicicletas al siguiente nivel con 3D inmersivo.<\/p>\n<p data-start=\"889\" data-end=\"1005\"><br data-start=\"960\" data-end=\"963\"><strong data-start=\"1789\" data-end=\"1831\">Reserva hoy mismo una llamada gratuita con un experto.<\/strong><\/p>\n","protected":false},"excerpt":{"rendered":"<p>Personalice esta bicicleta y compruebe el poder del configurador en acci\u00f3n. \u00a1Podr\u00eda ser suya!<\/p>\n","protected":false},"featured_media":3266,"template":"","meta":{"jetpack_post_was_ever_published":false,"jetpack_publicize_message":"","jetpack_publicize_feature_enabled":true,"jetpack_social_post_already_shared":true,"jetpack_social_options":{"image_generator_settings":{"template":"highway","default_image_id":0,"font":"","enabled":false},"version":2},"_wpas_customize_per_network":false},"product_brand":[],"product_cat":[71],"product_tag":[],"class_list":{"0":"post-2898","1":"product","2":"type-product","3":"status-publish","4":"has-post-thumbnail","6":"product_cat-vehiculo","8":"first","9":"instock","10":"featured","11":"sold-individually","12":"shipping-taxable","13":"purchasable","14":"product-type-simple","15":"product-type-zakeke","16":"product-type-external"},"jetpack_publicize_connections":[],"jetpack_sharing_enabled":true,"_links":{"self":[{"href":"https:\/\/inspir3d.io\/es\/wp-json\/wp\/v2\/product\/2898","targetHints":{"allow":["GET"]}}],"collection":[{"href":"https:\/\/inspir3d.io\/es\/wp-json\/wp\/v2\/product"}],"about":[{"href":"https:\/\/inspir3d.io\/es\/wp-json\/wp\/v2\/types\/product"}],"wp:featuredmedia":[{"embeddable":true,"href":"https:\/\/inspir3d.io\/es\/wp-json\/wp\/v2\/media\/3266"}],"wp:attachment":[{"href":"https:\/\/inspir3d.io\/es\/wp-json\/wp\/v2\/media?parent=2898"}],"wp:term":[{"taxonomy":"product_brand","embeddable":true,"href":"https:\/\/inspir3d.io\/es\/wp-json\/wp\/v2\/product_brand?post=2898"},{"taxonomy":"product_cat","embeddable":true,"href":"https:\/\/inspir3d.io\/es\/wp-json\/wp\/v2\/product_cat?post=2898"},{"taxonomy":"product_tag","embeddable":true,"href":"https:\/\/inspir3d.io\/es\/wp-json\/wp\/v2\/product_tag?post=2898"}],"curies":[{"name":"wp","href":"https:\/\/api.w.org\/{rel}","templated":true}]}}