{"id":2510,"date":"2026-01-16T21:50:00","date_gmt":"2026-01-16T21:50:00","guid":{"rendered":"https:\/\/inspir3d.io\/mentions-legales\/"},"modified":"2026-01-17T12:38:45","modified_gmt":"2026-01-17T12:38:45","slug":"mentions-legales","status":"publish","type":"page","link":"https:\/\/inspir3d.io\/fr\/mentions-legales\/","title":{"rendered":"Mentions l\u00e9gales"},"content":{"rendered":"\t\t<div data-elementor-type=\"wp-page\" data-elementor-id=\"2510\" class=\"elementor elementor-2510 elementor-2469\" data-elementor-post-type=\"page\">\n\t\t\t\t<div class=\"elementor-element elementor-element-f3e00dd e-flex e-con-boxed wpr-particle-no wpr-jarallax-no wpr-parallax-no wpr-sticky-section-no wpr-equal-height-no e-con e-parent\" data-id=\"f3e00dd\" data-element_type=\"container\" data-e-type=\"container\" data-settings=\"{&quot;background_background&quot;:&quot;video&quot;,&quot;background_video_link&quot;:&quot;https:\\\/\\\/inspir3d.io\\\/wp-content\\\/uploads\\\/2025\\\/12\\\/3129576-uhd_3840_2160_30fps.mp4&quot;,&quot;background_play_on_mobile&quot;:&quot;yes&quot;}\">\n\t\t\t\t\t<div class=\"e-con-inner\">\n\t\t<div class=\"elementor-background-video-container\">\n\t\t\t\t\t\t\t<video class=\"elementor-background-video-hosted\" role=\"presentation\" autoplay muted playsinline loop><\/video>\n\t\t\t\t\t<\/div><div class=\"elementor-element elementor-element-e38b99c e-con-full e-flex wpr-particle-no wpr-jarallax-no wpr-parallax-no wpr-sticky-section-no wpr-equal-height-no e-con e-child\" data-id=\"e38b99c\" data-element_type=\"container\" data-e-type=\"container\">\n\t\t<div class=\"elementor-element elementor-element-496632b e-con-full e-flex wpr-particle-no wpr-jarallax-no wpr-parallax-no wpr-sticky-section-no wpr-equal-height-no e-con e-child\" data-id=\"496632b\" data-element_type=\"container\" data-e-type=\"container\">\n\t\t\t\t<div class=\"elementor-element elementor-element-bb94b22 elementor-widget elementor-widget-heading\" data-id=\"bb94b22\" data-element_type=\"widget\" data-e-type=\"widget\" data-widget_type=\"heading.default\">\n\t\t\t\t\t<h1 class=\"elementor-heading-title elementor-size-default\">Mentions l\u00e9gales<\/h1>\t\t\t\t<\/div>\n\t\t\t\t<\/div>\n\t\t\t\t<\/div>\n\t\t\t\t\t<\/div>\n\t\t\t\t<\/div>\n\t\t<div class=\"elementor-element elementor-element-2c30c60 e-flex e-con-boxed wpr-particle-no wpr-jarallax-no wpr-parallax-no wpr-sticky-section-no wpr-equal-height-no e-con e-parent\" data-id=\"2c30c60\" data-element_type=\"container\" data-e-type=\"container\" data-settings=\"{&quot;background_background&quot;:&quot;gradient&quot;}\">\n\t\t\t\t\t<div class=\"e-con-inner\">\n\t\t<div class=\"elementor-element elementor-element-32b0812 e-con-full e-flex wpr-particle-no wpr-jarallax-no wpr-parallax-no wpr-sticky-section-no wpr-equal-height-no e-con e-child\" data-id=\"32b0812\" data-element_type=\"container\" data-e-type=\"container\">\n\t\t<div class=\"elementor-element elementor-element-00ee643 e-con-full e-flex wpr-particle-no wpr-jarallax-no wpr-parallax-no wpr-sticky-section-no wpr-equal-height-no e-con e-child\" data-id=\"00ee643\" data-element_type=\"container\" data-e-type=\"container\">\n\t\t<div class=\"elementor-element elementor-element-6703b2a e-con-full e-flex wpr-particle-no wpr-jarallax-no wpr-parallax-no wpr-sticky-section-no wpr-equal-height-no e-con e-child\" data-id=\"6703b2a\" data-element_type=\"container\" data-e-type=\"container\">\n\t\t\t\t<div class=\"elementor-element elementor-element-bb3bafb elementor-widget elementor-widget-text-editor\" data-id=\"bb3bafb\" data-element_type=\"widget\" data-e-type=\"widget\" data-widget_type=\"text-editor.default\">\n\t\t\t\t\t\t\t\t\t<h4 data-start=\"4193\" data-end=\"4224\">Avis de propri\u00e9t\u00e9 intellectuelle<\/h4><p data-start=\"4226\" data-end=\"4423\">Tous les \u00e9l\u00e9ments publi\u00e9s sur ce site web sont la propri\u00e9t\u00e9 exclusive d&rsquo;Inspir3d Studio, sauf indication contraire. Toute utilisation, reproduction ou distribution non autoris\u00e9e de tout contenu est strictement interdite. <\/p><hr data-start=\"4425\" data-end=\"4428\"><h4 data-start=\"4430\" data-end=\"4456\">Avis de non-responsabilit\u00e9 professionnelle<\/h4><p data-start=\"4458\" data-end=\"4676\">Les informations fournies sur ce site web sont uniquement destin\u00e9es \u00e0 des fins d&rsquo;information g\u00e9n\u00e9rale. Elles ne constituent pas un avis professionnel, juridique, financier ou commercial. Toute confiance accord\u00e9e \u00e0 ces informations est \u00e0 votre propre discr\u00e9tion.  <\/p><hr data-start=\"4678\" data-end=\"4681\"><h4 data-start=\"4683\" data-end=\"4706\">Avis de non-responsabilit\u00e9<\/h4><p data-start=\"4708\" data-end=\"4954\">Inspir3d Studio s&rsquo;efforce de garantir l&rsquo;exactitude et la pertinence de tous les contenus, mais ne donne aucune garantie quant \u00e0 leur exhaustivit\u00e9 ou \u00e0 leur ad\u00e9quation. Nous ne serons pas tenus responsables des dommages r\u00e9sultant de l&rsquo;utilisation de ce site web ou de la confiance accord\u00e9e \u00e0 son contenu. <\/p><hr data-start=\"4956\" data-end=\"4959\"><h4 data-start=\"4961\" data-end=\"4989\">Avis de non-responsabilit\u00e9 concernant les liens externes<\/h4><p data-start=\"4991\" data-end=\"5142\">Ce site web peut faire r\u00e9f\u00e9rence \u00e0 des plateformes ou outils tiers. Inspir3d Studio n&rsquo;est pas responsable du contenu externe, de la disponibilit\u00e9 ou des pratiques de confidentialit\u00e9. <\/p>\t\t\t\t\t\t\t\t<\/div>\n\t\t\t\t<\/div>\n\t\t\t\t<\/div>\n\t\t\t\t<\/div>\n\t\t\t\t\t<\/div>\n\t\t\t\t<\/div>\n\t\t\t\t<\/div>\n\t\t","protected":false},"excerpt":{"rendered":"<p>Mentions l\u00e9gales Avis de propri\u00e9t\u00e9 intellectuelle Tous les \u00e9l\u00e9ments publi\u00e9s sur ce site web sont la propri\u00e9t\u00e9 exclusive d&rsquo;Inspir3d Studio, sauf indication contraire. Toute utilisation, reproduction ou distribution non autoris\u00e9e de tout contenu est strictement interdite. Avis de non-responsabilit\u00e9 professionnelle Les informations fournies sur ce site web sont uniquement destin\u00e9es \u00e0 des fins d&rsquo;information g\u00e9n\u00e9rale. Elles ne constituent pas un avis professionnel, juridique, financier ou commercial. Toute confiance accord\u00e9e \u00e0 ces informations est \u00e0 votre propre discr\u00e9tion. Avis de non-responsabilit\u00e9 Inspir3d Studio s&rsquo;efforce de garantir l&rsquo;exactitude et la pertinence de tous les contenus, mais ne donne aucune garantie quant \u00e0 leur exhaustivit\u00e9 ou \u00e0 leur ad\u00e9quation. Nous ne serons pas tenus responsables des dommages r\u00e9sultant de l&rsquo;utilisation de ce site web ou de la confiance accord\u00e9e \u00e0 son contenu. Avis de non-responsabilit\u00e9 concernant les liens externes Ce site web peut faire r\u00e9f\u00e9rence \u00e0 des plateformes ou outils tiers. Inspir3d Studio n&rsquo;est pas responsable du contenu externe, de la disponibilit\u00e9 ou des pratiques de confidentialit\u00e9.<\/p>\n","protected":false},"author":1,"featured_media":0,"parent":0,"menu_order":0,"comment_status":"closed","ping_status":"closed","template":"","meta":{"jetpack_post_was_ever_published":false,"footnotes":""},"class_list":["post-2510","page","type-page","status-publish","hentry"],"jetpack_sharing_enabled":true,"jetpack_shortlink":"https:\/\/wp.me\/PfGQMv-Eu","_links":{"self":[{"href":"https:\/\/inspir3d.io\/fr\/wp-json\/wp\/v2\/pages\/2510","targetHints":{"allow":["GET"]}}],"collection":[{"href":"https:\/\/inspir3d.io\/fr\/wp-json\/wp\/v2\/pages"}],"about":[{"href":"https:\/\/inspir3d.io\/fr\/wp-json\/wp\/v2\/types\/page"}],"author":[{"embeddable":true,"href":"https:\/\/inspir3d.io\/fr\/wp-json\/wp\/v2\/users\/1"}],"replies":[{"embeddable":true,"href":"https:\/\/inspir3d.io\/fr\/wp-json\/wp\/v2\/comments?post=2510"}],"version-history":[{"count":3,"href":"https:\/\/inspir3d.io\/fr\/wp-json\/wp\/v2\/pages\/2510\/revisions"}],"predecessor-version":[{"id":2946,"href":"https:\/\/inspir3d.io\/fr\/wp-json\/wp\/v2\/pages\/2510\/revisions\/2946"}],"wp:attachment":[{"href":"https:\/\/inspir3d.io\/fr\/wp-json\/wp\/v2\/media?parent=2510"}],"curies":[{"name":"wp","href":"https:\/\/api.w.org\/{rel}","templated":true}]}}