{"id":2882,"date":"2026-01-18T16:53:21","date_gmt":"2026-01-18T16:53:21","guid":{"rendered":"https:\/\/inspir3d.io\/politique-relative-aux-cookies-ue\/"},"modified":"2026-01-19T18:19:37","modified_gmt":"2026-01-19T18:19:37","slug":"politique-relative-aux-cookies-ue","status":"publish","type":"page","link":"https:\/\/inspir3d.io\/fr\/politique-relative-aux-cookies-ue\/","title":{"rendered":"Politique relative aux cookies (UE)"},"content":{"rendered":"\t\t<div data-elementor-type=\"wp-page\" data-elementor-id=\"2882\" class=\"elementor elementor-2882 elementor-2881\" data-elementor-post-type=\"page\">\n\t\t\t\t<div class=\"elementor-element elementor-element-eaf6694 e-flex e-con-boxed wpr-particle-no wpr-jarallax-no wpr-parallax-no wpr-sticky-section-no wpr-equal-height-no e-con e-parent\" data-id=\"eaf6694\" data-element_type=\"container\" data-e-type=\"container\" data-settings=\"{&quot;background_background&quot;:&quot;video&quot;,&quot;background_video_link&quot;:&quot;https:\\\/\\\/inspir3d.io\\\/wp-content\\\/uploads\\\/2025\\\/12\\\/3129576-uhd_3840_2160_30fps.mp4&quot;,&quot;background_play_on_mobile&quot;:&quot;yes&quot;}\">\n\t\t\t\t\t<div class=\"e-con-inner\">\n\t\t<div class=\"elementor-background-video-container\">\n\t\t\t\t\t\t\t<video class=\"elementor-background-video-hosted\" role=\"presentation\" autoplay muted playsinline loop><\/video>\n\t\t\t\t\t<\/div><div class=\"elementor-element elementor-element-bc9ec19 e-con-full e-flex wpr-particle-no wpr-jarallax-no wpr-parallax-no wpr-sticky-section-no wpr-equal-height-no e-con e-child\" data-id=\"bc9ec19\" data-element_type=\"container\" data-e-type=\"container\">\n\t\t<div class=\"elementor-element elementor-element-fb798d5 e-con-full e-flex wpr-particle-no wpr-jarallax-no wpr-parallax-no wpr-sticky-section-no wpr-equal-height-no e-con e-child\" data-id=\"fb798d5\" data-element_type=\"container\" data-e-type=\"container\">\n\t\t\t\t<div class=\"elementor-element elementor-element-afa3abd elementor-widget elementor-widget-heading\" data-id=\"afa3abd\" data-element_type=\"widget\" data-e-type=\"widget\" data-widget_type=\"heading.default\">\n\t\t\t\t\t<h1 class=\"elementor-heading-title elementor-size-default\">Politique relative aux cookies (UE)<\/h1>\t\t\t\t<\/div>\n\t\t\t\t<\/div>\n\t\t\t\t<\/div>\n\t\t\t\t\t<\/div>\n\t\t\t\t<\/div>\n\t\t<div class=\"elementor-element elementor-element-140e0dc1 e-flex e-con-boxed wpr-particle-no wpr-jarallax-no wpr-parallax-no wpr-sticky-section-no wpr-equal-height-no e-con e-parent\" data-id=\"140e0dc1\" data-element_type=\"container\" data-e-type=\"container\" data-settings=\"{&quot;background_background&quot;:&quot;gradient&quot;}\">\n\t\t\t\t\t<div class=\"e-con-inner\">\n\t\t\t\t<div class=\"elementor-element elementor-element-6b0629b elementor-widget elementor-widget-text-editor\" data-id=\"6b0629b\" data-element_type=\"widget\" data-e-type=\"widget\" data-widget_type=\"text-editor.default\">\n\t\t\t\t\t\t\t\t\t<p><i>Cette politique en mati\u00e8re de cookies a \u00e9t\u00e9 mise \u00e0 jour le 19 janvier 2026 et s\u2019applique aux citoyens et aux r\u00e9sidents permanents l\u00e9gaux de l\u2019Espace \u00e9conomique europ\u00e9en et de la Suisse.<\/i><\/p><h4>1. Introduction<\/h4><p>Notre site web, https:\/\/inspir3d.io (ci-apr\u00e8s\u00a0: \u00ab\u00a0le site web\u00a0\u00bb) utilise des cookies et autres technologies connexes (par souci de commodit\u00e9, toutes les technologies sont d\u00e9sign\u00e9es par le terme \u00ab\u00a0cookies\u00a0\u00bb). Des cookies sont \u00e9galement plac\u00e9s par des tiers avec lesquels nous nous sommes engag\u00e9s. Dans le document ci-dessous, nous vous informons de l\u2019utilisation des cookies sur notre site web.<\/p><h4>2. Que sont les cookies\u00a0?<\/h4><p>Un cookie est un petit fichier simple qui est envoy\u00e9 avec les pages de ce site web et stock\u00e9 par votre navigateur sur le disque dur de votre ordinateur ou d\u2019un autre appareil. Les informations qui y sont stock\u00e9es peuvent \u00eatre renvoy\u00e9es \u00e0 nos serveurs ou aux serveurs des tiers concern\u00e9s lors d\u2019une visite ult\u00e9rieure.<\/p><h4>3. Que sont les scripts\u00a0?<\/h4><p>Un script est un \u00e9l\u00e9ment de code de programme qui est utilis\u00e9 pour faire fonctionner notre site web correctement et de mani\u00e8re interactive. Ce code est ex\u00e9cut\u00e9 sur notre serveur ou sur votre appareil.<\/p><h4>4. Qu\u2019est-ce qu\u2019une balise web\u00a0?<\/h4><p>Une balise web (ou pixel espion) est un petit \u00e9l\u00e9ment invisible de texte ou d\u2019image sur un site web qui est utilis\u00e9 pour surveiller le trafic sur un site web. Afin de faire cela, diverses donn\u00e9es vous concernant sont stock\u00e9es \u00e0 l\u2019aide de balises web.<\/p><h4>5. Cookies<\/h4><p class=\"cmplz-subtitle\">5.1 Cookies techniques ou fonctionnels<\/p><p>Certains cookies garantissent que certaines parties du site web fonctionnent correctement et que vos pr\u00e9f\u00e9rences d\u2019utilisateur restent connues. En pla\u00e7ant des cookies fonctionnels, nous vous facilitons la visite de notre site web. De cette fa\u00e7on, vous n\u2019avez pas besoin de saisir \u00e0 plusieurs reprises les m\u00eames informations lors de la visite de notre site web et, par exemple, les \u00e9l\u00e9ments restent dans votre panier jusqu\u2019\u00e0 ce que vous ayez pay\u00e9. Nous pouvons placer ces cookies sans votre consentement.<\/p><p class=\"cmplz-subtitle\">5.2 Cookies statistiques<\/p><p>Nous utilisons des cookies statistiques pour optimiser l\u2019exp\u00e9rience du site web pour nos utilisateurs. Avec ces cookies statistiques, nous obtenons des informations sur l\u2019utilisation de notre site web. Nous demandons votre permission pour placer des cookies statistiques.<\/p><p class=\"cmplz-subtitle\">5.3 Cookies de marketing\/suivi<\/p><p>Les cookies de marketing\/suivi sont des cookies ou toute autre forme de stockage local, utilis\u00e9s pour cr\u00e9er des profils d\u2019utilisateurs afin d\u2019afficher de la publicit\u00e9 ou de suivre l\u2019utilisateur sur ce site web ou sur plusieurs sites web \u00e0 des fins de marketing similaires.<\/p><p class=\"cmplz-subtitle\">5.4 M\u00e9dias sociaux<\/p><p>Sur notre site web, nous avons inclus du contenu de LinkedIn, Instagram, Facebook et X (anciennement Twitter) pour promouvoir des pages web (par exemple, \u00ab\u00a0J\u2019aime\u00a0\u00bb, \u00ab\u00a0\u00c9pingler\u00a0\u00bb) ou partager (par exemple, \u00ab\u00a0Tweeter\u00a0\u00bb) sur des r\u00e9seaux sociaux comme LinkedIn, Instagram, Facebook et X (anciennement Twitter). Ce contenu est int\u00e9gr\u00e9 avec du code d\u00e9riv\u00e9 de LinkedIn, Instagram, Facebook et X (anciennement Twitter) et place des cookies. Ce contenu peut stocker et traiter certaines informations \u00e0 des fins de publicit\u00e9 personnalis\u00e9e.<\/p><p>Veuillez lire la d\u00e9claration de confidentialit\u00e9 de ces r\u00e9seaux sociaux (qui peut changer r\u00e9guli\u00e8rement) pour lire ce qu\u2019ils font avec vos donn\u00e9es (personnelles) qu\u2019ils traitent en utilisant ces cookies. Les donn\u00e9es r\u00e9cup\u00e9r\u00e9es sont anonymis\u00e9es autant que possible. LinkedIn, Instagram, Facebook et X (anciennement Twitter) sont situ\u00e9s aux \u00c9tats-Unis.<\/p>\t\t\t\t\t\t\t\t<\/div>\n\t\t\t\t<div class=\"elementor-element elementor-element-e5e3f61 elementor-widget elementor-widget-text-editor\" data-id=\"e5e3f61\" data-element_type=\"widget\" data-e-type=\"widget\" data-widget_type=\"text-editor.default\">\n\t\t\t\t\t\t\t\t\t<h4>6. Consentement<\/h4><p>Lorsque vous visitez notre site web pour la premi\u00e8re fois, nous vous montrerons une fen\u00eatre contextuelle avec une explication sur les cookies. D\u00e8s que vous cliquez sur \u00ab\u00a0Enregistrer les pr\u00e9f\u00e9rences\u00a0\u00bb, vous consentez \u00e0 ce que nous utilisions les cat\u00e9gories de cookies et de plug-ins que vous avez s\u00e9lectionn\u00e9s dans la fen\u00eatre contextuelle, comme d\u00e9crit dans la pr\u00e9sente politique en mati\u00e8re de cookies. Vous pouvez d\u00e9sactiver l\u2019utilisation de cookies via votre navigateur, mais veuillez noter que notre site web peut ne plus fonctionner correctement.<\/p><p class=\"cmplz-subtitle\">7.1 G\u00e9rer vos param\u00e8tres de consentement<\/p><div id=\"cmplz-manage-consent-container\" class=\"cmplz-manage-consent-container\"><div class=\"cmplz-categories\"><details class=\"cmplz-category cmplz-functional\"><summary><span class=\"cmplz-category-header\"><span class=\"cmplz-category-title\">Fonctionnel<\/span><span class=\"cmplz-always-active\">Toujours actif<\/span><\/span><\/summary><div class=\"cmplz-description\"><span class=\"cmplz-description-functional\">Le stockage technique ou l\u2019acc\u00e8s est strictement n\u00e9cessaire dans un but l\u00e9gitime, celui de permettre l\u2019utilisation d\u2019un service sp\u00e9cifique explicitement demand\u00e9 par l\u2019abonn\u00e9 ou l\u2019utilisateur, ou dans le seul but d\u2019effectuer la transmission d\u2019une communication sur un r\u00e9seau de communications \u00e9lectroniques.<\/span><\/div><\/details><details class=\"cmplz-category cmplz-statistics\"><summary><span class=\"cmplz-category-header\"><span class=\"cmplz-category-title\">Statistiques<\/span><span class=\"cmplz-banner-checkbox\"><input id=\"cmplz-statistics-optin\" class=\"cmplz-consent-checkbox cmplz-statistics\" size=\"40\" type=\"checkbox\" value=\"1\" data-category=\"cmplz_statistics\" \/><label class=\"cmplz-label\" for=\"cmplz-statistics-optin\"><span class=\"screen-reader-text\">Statistiques<\/span><\/label><\/span><\/span><\/summary><div class=\"cmplz-description\"><span class=\"cmplz-description-statistics\">Le stockage ou l\u2019acc\u00e8s technique utilis\u00e9 exclusivement \u00e0 des fins statistiques.<\/span><\/div><\/details><details class=\"cmplz-category cmplz-marketing\"><summary><span class=\"cmplz-category-header\"><span class=\"cmplz-category-title\">Marketing<\/span><span class=\"cmplz-banner-checkbox\"><input id=\"cmplz-marketing-optin\" class=\"cmplz-consent-checkbox cmplz-marketing\" size=\"40\" type=\"checkbox\" value=\"1\" data-category=\"cmplz_marketing\" \/><label class=\"cmplz-label\" for=\"cmplz-marketing-optin\"><span class=\"screen-reader-text\">Marketing<\/span><\/label><\/span><\/span><\/summary><div class=\"cmplz-description\"><span class=\"cmplz-description-marketing\">Le stockage technique ou l\u2019acc\u00e8s est n\u00e9cessaire pour cr\u00e9er des profils d\u2019utilisateurs afin d\u2019envoyer de la publicit\u00e9, ou pour suivre l\u2019utilisateur sur un site web ou sur plusieurs sites web \u00e0 des fins de marketing similaires.<\/span><\/div><\/details><\/div><\/div><h4>7. Activation\/d\u00e9sactivation et suppression des cookies<\/h4><p>Vous pouvez utiliser votre navigateur internet pour supprimer automatiquement ou manuellement les cookies. Vous pouvez \u00e9galement sp\u00e9cifier que certains cookies ne peuvent pas \u00eatre plac\u00e9s. Une autre option consiste \u00e0 modifier les param\u00e8tres de votre navigateur internet afin que vous receviez un message chaque fois qu\u2019un cookie est plac\u00e9. Pour plus d\u2019informations sur ces options, veuillez vous r\u00e9f\u00e9rer aux instructions de la section Aide de votre navigateur.<\/p><p>Veuillez noter que notre site web peut ne pas fonctionner correctement si tous les cookies sont d\u00e9sactiv\u00e9s. Si vous supprimez les cookies dans votre navigateur, ils seront plac\u00e9s \u00e0 nouveau apr\u00e8s votre consentement lorsque vous visiterez \u00e0 nouveau notre site web.<\/p><h4>8. Vos droits concernant les donn\u00e9es personnelles<\/h4><p>Vous disposez des droits suivants concernant vos donn\u00e9es personnelles\u00a0:<\/p><ul><li>Vous avez le droit de savoir pourquoi vos donn\u00e9es personnelles sont n\u00e9cessaires, ce qu\u2019il adviendra de ces donn\u00e9es et combien de temps elles seront conserv\u00e9es.<\/li><li>Droit d\u2019acc\u00e8s\u00a0: vous avez le droit d\u2019acc\u00e9der \u00e0 vos donn\u00e9es personnelles qui nous sont connues.<\/li><li>Droit de rectification\u00a0: vous avez le droit de compl\u00e9ter, corriger, faire supprimer ou bloquer vos donn\u00e9es personnelles \u00e0 tout moment.<\/li><li>Si vous nous donnez votre consentement pour traiter vos donn\u00e9es, vous avez le droit de r\u00e9voquer ce consentement et de faire supprimer vos donn\u00e9es personnelles.<\/li><li>Droit de transf\u00e9rer vos donn\u00e9es\u00a0: vous avez le droit de demander toutes vos donn\u00e9es personnelles au responsable du traitement et de les transf\u00e9rer dans leur int\u00e9gralit\u00e9 \u00e0 un autre responsable du traitement.<\/li><li>Droit d\u2019opposition\u00a0: vous pouvez vous opposer au traitement de vos donn\u00e9es. Nous nous conformons \u00e0 cela, sauf s\u2019il existe des motifs justifi\u00e9s pour le traitement.<\/li><\/ul><p>Pour exercer ces droits, veuillez nous contacter. Veuillez vous r\u00e9f\u00e9rer aux coordonn\u00e9es au bas de cette politique en mati\u00e8re de cookies. Si vous avez une r\u00e9clamation concernant la fa\u00e7on dont nous traitons vos donn\u00e9es, nous aimerions vous entendre, mais vous avez \u00e9galement le droit de d\u00e9poser une r\u00e9clamation aupr\u00e8s de l\u2019autorit\u00e9 de surveillance (l\u2019Autorit\u00e9 de protection des donn\u00e9es).<\/p><h4>9. Coordonn\u00e9es<\/h4><p>Pour toute question et\/ou commentaire concernant notre politique en mati\u00e8re de cookies et cette d\u00e9claration, veuillez nous contacter en utilisant les coordonn\u00e9es suivantes\u00a0:<\/p><p><span class=\"cmplz-contact-organisation\">Inspir3d Studio<\/span><br \/><span class=\"cmplz-contact-address\">149 Avenue du Maine, 75014 Paris<\/span><br \/><span class=\"cmplz-contact-country\">France<\/span><br \/>Site web\u00a0: <span class=\"cmplz-contact-domain\">https:\/\/inspir3d.io<\/span><br \/>E-mail\u00a0: <span class=\"cmplz-contact-email\"><span class=\"cmplz-obfuscate\">contact@inspir3d.io<\/span><\/span><br \/><span class=\"cmplz-contact-telephone\">Num\u00e9ro de t\u00e9l\u00e9phone\u00a0: 0188313435<\/span><\/p><p>Cette politique en mati\u00e8re de cookies a \u00e9t\u00e9 synchronis\u00e9e avec cookiedatabase.org le 18 janvier 2026.<\/p>\t\t\t\t\t\t\t\t<\/div>\n\t\t\t\t\t<\/div>\n\t\t\t\t<\/div>\n\t\t\t\t<\/div>\n\t\t","protected":false},"excerpt":{"rendered":"<p>Politique relative aux cookies (UE) Cette politique en mati\u00e8re de cookies a \u00e9t\u00e9 mise \u00e0 jour le 19 janvier 2026 et s\u2019applique aux citoyens et aux r\u00e9sidents permanents l\u00e9gaux de l\u2019Espace \u00e9conomique europ\u00e9en et de la Suisse. 1. Introduction Notre site web, https:\/\/inspir3d.io (ci-apr\u00e8s\u00a0: \u00ab\u00a0le site web\u00a0\u00bb) utilise des cookies et autres technologies connexes (par souci de commodit\u00e9, toutes les technologies sont d\u00e9sign\u00e9es par le terme \u00ab\u00a0cookies\u00a0\u00bb). Des cookies sont \u00e9galement plac\u00e9s par des tiers avec lesquels nous nous sommes engag\u00e9s. Dans le document ci-dessous, nous vous informons de l\u2019utilisation des cookies sur notre site web. 2. Que sont les cookies\u00a0? Un cookie est un petit fichier simple qui est envoy\u00e9 avec les pages de ce site web et stock\u00e9 par votre navigateur sur le disque dur de votre ordinateur ou d\u2019un autre appareil. Les informations qui y sont stock\u00e9es peuvent \u00eatre renvoy\u00e9es \u00e0 nos serveurs ou aux serveurs des tiers concern\u00e9s lors d\u2019une visite ult\u00e9rieure. 3. Que sont les scripts\u00a0? Un script est un \u00e9l\u00e9ment de code de programme qui est utilis\u00e9 pour faire fonctionner notre site web correctement et de mani\u00e8re interactive. Ce code est ex\u00e9cut\u00e9 sur notre serveur ou sur votre appareil. 4. Qu\u2019est-ce qu\u2019une balise web\u00a0? Une balise web (ou pixel espion) est un petit \u00e9l\u00e9ment invisible de texte ou d\u2019image sur un site web qui est utilis\u00e9 pour surveiller le trafic sur un site web. Afin de faire cela, diverses donn\u00e9es vous concernant sont stock\u00e9es \u00e0 l\u2019aide de balises web. 5. Cookies 5.1 Cookies techniques ou fonctionnels Certains cookies garantissent que certaines parties du site web fonctionnent correctement et que vos pr\u00e9f\u00e9rences d\u2019utilisateur restent connues. En pla\u00e7ant des cookies fonctionnels, nous vous facilitons la visite de notre site web. De cette fa\u00e7on, vous n\u2019avez pas besoin de saisir \u00e0 plusieurs reprises les m\u00eames informations lors de la visite de notre site web et, par exemple, les \u00e9l\u00e9ments restent dans votre panier jusqu\u2019\u00e0 ce que vous ayez pay\u00e9. Nous pouvons placer ces cookies sans votre consentement. 5.2 Cookies statistiques Nous utilisons des cookies statistiques pour optimiser l\u2019exp\u00e9rience du site web pour nos utilisateurs. Avec ces cookies statistiques, nous obtenons des informations sur l\u2019utilisation de notre site web. Nous demandons votre permission pour placer des cookies statistiques. 5.3 Cookies de marketing\/suivi Les cookies de marketing\/suivi sont des cookies ou toute autre forme de stockage local, utilis\u00e9s pour cr\u00e9er des profils d\u2019utilisateurs afin d\u2019afficher de la publicit\u00e9 ou de suivre l\u2019utilisateur sur ce site web ou sur plusieurs sites web \u00e0 des fins de marketing similaires. 5.4 M\u00e9dias sociaux Sur notre site web, nous avons inclus du contenu de LinkedIn, Instagram, Facebook et X (anciennement Twitter) pour promouvoir des pages web (par exemple, \u00ab\u00a0J\u2019aime\u00a0\u00bb, \u00ab\u00a0\u00c9pingler\u00a0\u00bb) ou partager (par exemple, \u00ab\u00a0Tweeter\u00a0\u00bb) sur des r\u00e9seaux sociaux comme LinkedIn, Instagram, Facebook et X (anciennement Twitter). Ce contenu est int\u00e9gr\u00e9 avec du code d\u00e9riv\u00e9 de LinkedIn, Instagram, Facebook et X (anciennement Twitter) et place des cookies. Ce contenu peut stocker et traiter certaines informations \u00e0 des fins de publicit\u00e9 personnalis\u00e9e. Veuillez lire la d\u00e9claration de confidentialit\u00e9 de ces r\u00e9seaux sociaux (qui peut changer r\u00e9guli\u00e8rement) pour lire ce qu\u2019ils font avec vos donn\u00e9es (personnelles) qu\u2019ils traitent en utilisant ces cookies. Les donn\u00e9es r\u00e9cup\u00e9r\u00e9es sont anonymis\u00e9es autant que possible. LinkedIn, Instagram, Facebook et X (anciennement Twitter) sont situ\u00e9s aux \u00c9tats-Unis. 6. Consentement Lorsque vous visitez notre site web pour la premi\u00e8re fois, nous vous montrerons une fen\u00eatre contextuelle avec une explication sur les cookies. D\u00e8s que vous cliquez sur \u00ab\u00a0Enregistrer les pr\u00e9f\u00e9rences\u00a0\u00bb, vous consentez \u00e0 ce que nous utilisions les cat\u00e9gories de cookies et de plug-ins que vous avez s\u00e9lectionn\u00e9s dans la fen\u00eatre contextuelle, comme d\u00e9crit dans la pr\u00e9sente politique en mati\u00e8re de cookies. Vous pouvez d\u00e9sactiver l\u2019utilisation de cookies via votre navigateur, mais veuillez noter que notre site web peut ne plus fonctionner correctement. 7.1 G\u00e9rer vos param\u00e8tres de consentement FonctionnelToujours actif Le stockage technique ou l\u2019acc\u00e8s est strictement n\u00e9cessaire dans un but l\u00e9gitime, celui de permettre l\u2019utilisation d\u2019un service sp\u00e9cifique explicitement demand\u00e9 par l\u2019abonn\u00e9 ou l\u2019utilisateur, ou dans le seul but d\u2019effectuer la transmission d\u2019une communication sur un r\u00e9seau de communications \u00e9lectroniques. StatistiquesStatistiques Le stockage ou l\u2019acc\u00e8s technique utilis\u00e9 exclusivement \u00e0 des fins statistiques. MarketingMarketing Le stockage technique ou l\u2019acc\u00e8s est n\u00e9cessaire pour cr\u00e9er des profils d\u2019utilisateurs afin d\u2019envoyer de la publicit\u00e9, ou pour suivre l\u2019utilisateur sur un site web ou sur plusieurs sites web \u00e0 des fins de marketing similaires. 7. Activation\/d\u00e9sactivation et suppression des cookies Vous pouvez utiliser votre navigateur internet pour supprimer automatiquement ou manuellement les cookies. Vous pouvez \u00e9galement sp\u00e9cifier que certains cookies ne peuvent pas \u00eatre plac\u00e9s. Une autre option consiste \u00e0 modifier les param\u00e8tres de votre navigateur internet afin que vous receviez un message chaque fois qu\u2019un cookie est plac\u00e9. Pour plus d\u2019informations sur ces options, veuillez vous r\u00e9f\u00e9rer aux instructions de la section Aide de votre navigateur. Veuillez noter que notre site web peut ne pas fonctionner correctement si tous les cookies sont d\u00e9sactiv\u00e9s. Si vous supprimez les cookies dans votre navigateur, ils seront plac\u00e9s \u00e0 nouveau apr\u00e8s votre consentement lorsque vous visiterez \u00e0 nouveau notre site web. 8. Vos droits concernant les donn\u00e9es personnelles Vous disposez des droits suivants concernant vos donn\u00e9es personnelles\u00a0: Vous avez le droit de savoir pourquoi vos donn\u00e9es personnelles sont n\u00e9cessaires, ce qu\u2019il adviendra de ces donn\u00e9es et combien de temps elles seront conserv\u00e9es. Droit d\u2019acc\u00e8s\u00a0: vous avez le droit d\u2019acc\u00e9der \u00e0 vos donn\u00e9es personnelles qui nous sont connues. Droit de rectification\u00a0: vous avez le droit de compl\u00e9ter, corriger, faire supprimer ou bloquer vos donn\u00e9es personnelles \u00e0 tout moment. Si vous nous donnez votre consentement pour traiter vos donn\u00e9es, vous avez le droit de r\u00e9voquer ce consentement et de faire supprimer vos donn\u00e9es personnelles. Droit de transf\u00e9rer vos donn\u00e9es\u00a0: vous avez le droit de demander toutes vos donn\u00e9es personnelles au responsable du traitement et de les transf\u00e9rer dans leur int\u00e9gralit\u00e9 \u00e0 un autre responsable du traitement. Droit d\u2019opposition\u00a0: vous pouvez vous opposer au traitement de vos donn\u00e9es. Nous nous conformons \u00e0 cela, sauf s\u2019il existe des motifs justifi\u00e9s pour<\/p>\n","protected":false},"author":1,"featured_media":0,"parent":0,"menu_order":0,"comment_status":"closed","ping_status":"closed","template":"elementor_theme","meta":{"jetpack_post_was_ever_published":false,"footnotes":""},"class_list":["post-2882","page","type-page","status-publish","hentry"],"jetpack_sharing_enabled":true,"jetpack_shortlink":"https:\/\/wp.me\/PfGQMv-Ku","_links":{"self":[{"href":"https:\/\/inspir3d.io\/fr\/wp-json\/wp\/v2\/pages\/2882","targetHints":{"allow":["GET"]}}],"collection":[{"href":"https:\/\/inspir3d.io\/fr\/wp-json\/wp\/v2\/pages"}],"about":[{"href":"https:\/\/inspir3d.io\/fr\/wp-json\/wp\/v2\/types\/page"}],"author":[{"embeddable":true,"href":"https:\/\/inspir3d.io\/fr\/wp-json\/wp\/v2\/users\/1"}],"replies":[{"embeddable":true,"href":"https:\/\/inspir3d.io\/fr\/wp-json\/wp\/v2\/comments?post=2882"}],"version-history":[{"count":7,"href":"https:\/\/inspir3d.io\/fr\/wp-json\/wp\/v2\/pages\/2882\/revisions"}],"predecessor-version":[{"id":3107,"href":"https:\/\/inspir3d.io\/fr\/wp-json\/wp\/v2\/pages\/2882\/revisions\/3107"}],"wp:attachment":[{"href":"https:\/\/inspir3d.io\/fr\/wp-json\/wp\/v2\/media?parent=2882"}],"curies":[{"name":"wp","href":"https:\/\/api.w.org\/{rel}","templated":true}]}}