{"id":2406,"date":"2026-01-14T08:38:06","date_gmt":"2026-01-14T08:38:06","guid":{"rendered":"https:\/\/inspir3d.io\/product\/bateau-de-luxe\/"},"modified":"2026-02-13T09:15:00","modified_gmt":"2026-02-13T09:15:00","slug":"bateau-de-luxe","status":"publish","type":"product","link":"https:\/\/inspir3d.io\/fr\/product\/bateau-de-luxe\/","title":{"rendered":"Bateau de luxe"},"content":{"rendered":"<h2 data-start=\"3416\" data-end=\"3450\"><strong data-start=\"3419\" data-end=\"3450\">Configurateur 3D de bateaux de luxe<\/strong><\/h2>\n<p data-start=\"3452\" data-end=\"3668\">Cr\u00e9ez une exp\u00e9rience num\u00e9rique haut de gamme avec un configurateur 3D interactif de bateaux de luxe. Permettez aux clients d&rsquo;explorer le bateau en d\u00e9tail, de visualiser les mat\u00e9riaux et les am\u00e9nagements, et de d\u00e9couvrir le produit avant de monter \u00e0 bord. <\/p>\n<p data-start=\"3670\" data-end=\"3727\">D\u00e9couvrez comment la 3D immersive am\u00e9liore les ventes de produits nautiques haut de gamme.<\/p>\n<p data-start=\"3729\" data-end=\"3774\"><strong data-start=\"3729\" data-end=\"3774\">Pourquoi choisir un configurateur 3D de bateaux de luxe&nbsp;?<\/strong><\/p>\n<ul data-start=\"3775\" data-end=\"4083\">\n<li data-start=\"3775\" data-end=\"3831\">\n<p data-start=\"3777\" data-end=\"3831\">Pr\u00e9sentez des bateaux avec de superbes mod\u00e8les 3D photor\u00e9alistes<\/p>\n<\/li>\n<li data-start=\"3832\" data-end=\"3890\">\n<p data-start=\"3834\" data-end=\"3890\">Pr\u00e9sentez clairement les am\u00e9nagements, les finitions et les options de conception<\/p>\n<\/li>\n<li data-start=\"3891\" data-end=\"3942\">\n<p data-start=\"3893\" data-end=\"3942\">Renforcez la confiance pour les d\u00e9cisions d&rsquo;achat de grande valeur<\/p>\n<\/li>\n<li data-start=\"3943\" data-end=\"3993\">\n<p data-start=\"3945\" data-end=\"3993\">Captez l&rsquo;attention des prospects avec une exploration 3D immersive<\/p>\n<\/li>\n<li data-start=\"3994\" data-end=\"4035\">\n<p data-start=\"3996\" data-end=\"4035\">D\u00e9marquez-vous sur le march\u00e9 des produits nautiques de luxe<\/p>\n<\/li>\n<li data-start=\"4036\" data-end=\"4083\">\n<p data-start=\"4038\" data-end=\"4083\">Int\u00e9grez-vous facilement dans les salles d&rsquo;exposition num\u00e9riques<\/p>\n<\/li>\n<\/ul>\n<p data-start=\"4085\" data-end=\"4188\">Red\u00e9finissez la pr\u00e9sentation de bateaux de luxe avec la 3D nouvelle g\u00e9n\u00e9ration.<\/p>\n<p data-start=\"4085\" data-end=\"4188\"><br data-start=\"4143\" data-end=\"4146\"><strong data-start=\"1789\" data-end=\"1831\">R\u00e9servez un appel avec nos experts.<\/strong><\/p>\n","protected":false},"excerpt":{"rendered":"<p>Permettez \u00e0 vos clients de visualiser et de personnaliser votre bateau avec un configurateur 3D. Impressionnez-les. <\/p>\n","protected":false},"featured_media":3972,"template":"","meta":{"jetpack_post_was_ever_published":false,"jetpack_publicize_message":"","jetpack_publicize_feature_enabled":true,"jetpack_social_post_already_shared":true,"jetpack_social_options":{"image_generator_settings":{"template":"highway","default_image_id":0,"font":"","enabled":false},"version":2},"_wpas_customize_per_network":false},"product_brand":[],"product_cat":[72],"product_tag":[],"class_list":{"0":"post-2406","1":"product","2":"type-product","3":"status-publish","4":"has-post-thumbnail","6":"product_cat-vehicule","8":"first","9":"instock","10":"sold-individually","11":"shipping-taxable","12":"purchasable","13":"product-type-simple","14":"product-type-zakeke","15":"product-type-external"},"jetpack_publicize_connections":[],"jetpack_sharing_enabled":true,"_links":{"self":[{"href":"https:\/\/inspir3d.io\/fr\/wp-json\/wp\/v2\/product\/2406","targetHints":{"allow":["GET"]}}],"collection":[{"href":"https:\/\/inspir3d.io\/fr\/wp-json\/wp\/v2\/product"}],"about":[{"href":"https:\/\/inspir3d.io\/fr\/wp-json\/wp\/v2\/types\/product"}],"wp:featuredmedia":[{"embeddable":true,"href":"https:\/\/inspir3d.io\/fr\/wp-json\/wp\/v2\/media\/3972"}],"wp:attachment":[{"href":"https:\/\/inspir3d.io\/fr\/wp-json\/wp\/v2\/media?parent=2406"}],"wp:term":[{"taxonomy":"product_brand","embeddable":true,"href":"https:\/\/inspir3d.io\/fr\/wp-json\/wp\/v2\/product_brand?post=2406"},{"taxonomy":"product_cat","embeddable":true,"href":"https:\/\/inspir3d.io\/fr\/wp-json\/wp\/v2\/product_cat?post=2406"},{"taxonomy":"product_tag","embeddable":true,"href":"https:\/\/inspir3d.io\/fr\/wp-json\/wp\/v2\/product_tag?post=2406"}],"curies":[{"name":"wp","href":"https:\/\/api.w.org\/{rel}","templated":true}]}}