{"id":2892,"date":"2026-01-18T18:00:50","date_gmt":"2026-01-18T18:00:50","guid":{"rendered":"https:\/\/inspir3d.io\/product\/etagere\/"},"modified":"2026-02-07T09:32:56","modified_gmt":"2026-02-07T09:32:56","slug":"sac-en-cuir","status":"publish","type":"product","link":"https:\/\/inspir3d.io\/fr\/product\/sac-en-cuir\/","title":{"rendered":"Sac en cuir"},"content":{"rendered":"<h2 data-start=\"1012\" data-end=\"1046\"><strong data-start=\"1015\" data-end=\"1046\">Configurateur 3D de sacs en cuir<\/strong><\/h2>\n<p data-start=\"1048\" data-end=\"1271\">Lib\u00e9rez la cr\u00e9ativit\u00e9 et la personnalisation gr\u00e2ce \u00e0 une exp\u00e9rience interactive 3D de sacs en cuir. Permettez aux clients de concevoir leur propre sac en s\u00e9lectionnant les mat\u00e9riaux, les couleurs, les coutures et les accessoires, le tout visible instantan\u00e9ment en 3D haute qualit\u00e9. <\/p>\n<p data-start=\"1273\" data-end=\"1333\">Entrez dans une nouvelle fa\u00e7on de vendre des articles en cuir haut de gamme en ligne.<\/p>\n<p data-start=\"1335\" data-end=\"1380\"><strong data-start=\"1335\" data-end=\"1380\">Pourquoi choisir un configurateur 3D de sacs en cuir&nbsp;?<\/strong><\/p>\n<ul data-start=\"1381\" data-end=\"1717\">\n<li data-start=\"1381\" data-end=\"1438\">\n<p data-start=\"1383\" data-end=\"1438\">Mettez en valeur le savoir-faire avec des mod\u00e8les 3D photor\u00e9alistes<\/p>\n<\/li>\n<li data-start=\"1439\" data-end=\"1493\">\n<p data-start=\"1441\" data-end=\"1493\">Offrez des options de personnalisation infinies en temps r\u00e9el<\/p>\n<\/li>\n<li data-start=\"1494\" data-end=\"1547\">\n<p data-start=\"1496\" data-end=\"1547\">Augmentez la valeur per\u00e7ue et la connexion \u00e9motionnelle<\/p>\n<\/li>\n<li data-start=\"1548\" data-end=\"1595\">\n<p data-start=\"1550\" data-end=\"1595\">R\u00e9duisez l\u2019incertitude li\u00e9e au produit et les taux de retour<\/p>\n<\/li>\n<li data-start=\"1596\" data-end=\"1659\">\n<p data-start=\"1598\" data-end=\"1659\">Captez l\u2019attention des clients gr\u00e2ce \u00e0 la personnalisation en direct et \u00e0 l\u2019interaction 3D<\/p>\n<\/li>\n<li data-start=\"1660\" data-end=\"1717\">\n<p data-start=\"1662\" data-end=\"1717\">G\u00e9rez facilement plusieurs r\u00e9f\u00e9rences gr\u00e2ce \u00e0 un catalogue 3D dynamique<\/p>\n<\/li>\n<\/ul>\n<p data-start=\"1719\" data-end=\"1831\">Sublimez votre exp\u00e9rience maroquini\u00e8re avec une personnalisation immersive.<\/p>\n<p data-start=\"1719\" data-end=\"1831\"><br data-start=\"1786\" data-end=\"1789\"><strong data-start=\"1789\" data-end=\"1831\">R\u00e9servez un appel gratuit avec un expert d\u00e8s aujourd&rsquo;hui.<\/strong><\/p>\n","protected":false},"excerpt":{"rendered":"<p>Permettez \u00e0 vos clients de cr\u00e9er un sac en cuir sur mesure et de voir le r\u00e9sultat avant de passer commande.<\/p>\n","protected":false},"featured_media":3262,"template":"","meta":{"jetpack_post_was_ever_published":false,"jetpack_publicize_message":"","jetpack_publicize_feature_enabled":true,"jetpack_social_post_already_shared":true,"jetpack_social_options":{"image_generator_settings":{"template":"highway","default_image_id":0,"font":"","enabled":false},"version":2},"_wpas_customize_per_network":false},"product_brand":[],"product_cat":[81],"product_tag":[],"class_list":{"0":"post-2892","1":"product","2":"type-product","3":"status-publish","4":"has-post-thumbnail","6":"product_cat-sacs","8":"first","9":"instock","10":"sold-individually","11":"shipping-taxable","12":"purchasable","13":"product-type-simple","14":"product-type-zakeke","15":"product-type-external"},"jetpack_publicize_connections":[],"jetpack_sharing_enabled":true,"_links":{"self":[{"href":"https:\/\/inspir3d.io\/fr\/wp-json\/wp\/v2\/product\/2892","targetHints":{"allow":["GET"]}}],"collection":[{"href":"https:\/\/inspir3d.io\/fr\/wp-json\/wp\/v2\/product"}],"about":[{"href":"https:\/\/inspir3d.io\/fr\/wp-json\/wp\/v2\/types\/product"}],"wp:featuredmedia":[{"embeddable":true,"href":"https:\/\/inspir3d.io\/fr\/wp-json\/wp\/v2\/media\/3262"}],"wp:attachment":[{"href":"https:\/\/inspir3d.io\/fr\/wp-json\/wp\/v2\/media?parent=2892"}],"wp:term":[{"taxonomy":"product_brand","embeddable":true,"href":"https:\/\/inspir3d.io\/fr\/wp-json\/wp\/v2\/product_brand?post=2892"},{"taxonomy":"product_cat","embeddable":true,"href":"https:\/\/inspir3d.io\/fr\/wp-json\/wp\/v2\/product_cat?post=2892"},{"taxonomy":"product_tag","embeddable":true,"href":"https:\/\/inspir3d.io\/fr\/wp-json\/wp\/v2\/product_tag?post=2892"}],"curies":[{"name":"wp","href":"https:\/\/api.w.org\/{rel}","templated":true}]}}