{"id":2893,"date":"2026-01-18T18:01:20","date_gmt":"2026-01-18T18:01:20","guid":{"rendered":"https:\/\/inspir3d.io\/product\/porte\/"},"modified":"2026-02-07T09:27:27","modified_gmt":"2026-02-07T09:27:27","slug":"canape","status":"publish","type":"product","link":"https:\/\/inspir3d.io\/fr\/product\/canape\/","title":{"rendered":"Canap\u00e9"},"content":{"rendered":"<h2 data-start=\"2643\" data-end=\"2670\"><strong data-start=\"2646\" data-end=\"2670\">Configurateur de canap\u00e9 3D<\/strong><\/h2>\n<p data-start=\"2672\" data-end=\"2883\">Transformez l&rsquo;achat de meubles gr\u00e2ce \u00e0 un configurateur de canap\u00e9 3D interactif qui donne le contr\u00f4le aux clients. Permettez-leur d&rsquo;explorer le canap\u00e9 sous tous les angles et de personnaliser les tissus, les couleurs, les configurations et les finitions en temps r\u00e9el. <\/p>\n<p data-start=\"2885\" data-end=\"2946\">D\u00e9couvrez comment la 3D change la fa\u00e7on dont les clients choisissent leurs meubles en ligne.<\/p>\n<p data-start=\"2948\" data-end=\"2986\"><strong data-start=\"2948\" data-end=\"2986\">Pourquoi choisir un configurateur de canap\u00e9 3D&nbsp;?<\/strong><\/p>\n<ul data-start=\"2987\" data-end=\"3304\">\n<li data-start=\"2987\" data-end=\"3037\">\n<p data-start=\"2989\" data-end=\"3037\">Pr\u00e9sentez vos canap\u00e9s avec une visualisation 3D r\u00e9aliste<\/p>\n<\/li>\n<li data-start=\"3038\" data-end=\"3094\">\n<p data-start=\"3040\" data-end=\"3094\">Permettez aux clients de personnaliser les modules et les mat\u00e9riaux<\/p>\n<\/li>\n<li data-start=\"3095\" data-end=\"3154\">\n<p data-start=\"3097\" data-end=\"3154\">Aidez les acheteurs \u00e0 visualiser le produit final en toute confiance<\/p>\n<\/li>\n<li data-start=\"3155\" data-end=\"3198\">\n<p data-start=\"3157\" data-end=\"3198\">R\u00e9duisez les retours en \u00e9liminant les approximations<\/p>\n<\/li>\n<li data-start=\"3199\" data-end=\"3256\">\n<p data-start=\"3201\" data-end=\"3256\">Stimulez l&rsquo;engagement gr\u00e2ce \u00e0 l&rsquo;exploration interactive des produits<\/p>\n<\/li>\n<li data-start=\"3257\" data-end=\"3304\">\n<p data-start=\"3259\" data-end=\"3304\">G\u00e9rez facilement les variations complexes de produits<\/p>\n<\/li>\n<\/ul>\n<p data-start=\"3306\" data-end=\"3409\">Faites passer votre exp\u00e9rience d&rsquo;achat de meubles au niveau sup\u00e9rieur.<\/p>\n<p data-start=\"3306\" data-end=\"3409\"><br data-start=\"3364\" data-end=\"3367\"><strong data-start=\"1789\" data-end=\"1831\">R\u00e9servez un appel gratuit avec un expert d\u00e8s aujourd&rsquo;hui.<\/strong><\/p>\n","protected":false},"excerpt":{"rendered":"<p>Vous souhaitez impressionner vos clients et leur permettre d&rsquo;acheter un canap\u00e9 sur mesure&nbsp;? Ce configurateur de canap\u00e9 sera parfait pour votre entreprise. <\/p>\n","protected":false},"featured_media":3291,"template":"","meta":{"jetpack_post_was_ever_published":false,"jetpack_publicize_message":"","jetpack_publicize_feature_enabled":true,"jetpack_social_post_already_shared":true,"jetpack_social_options":{"image_generator_settings":{"template":"highway","default_image_id":0,"font":"","enabled":false},"version":2},"_wpas_customize_per_network":false},"product_brand":[],"product_cat":[78],"product_tag":[],"class_list":{"0":"post-2893","1":"product","2":"type-product","3":"status-publish","4":"has-post-thumbnail","6":"product_cat-mobilier","8":"first","9":"instock","10":"sold-individually","11":"shipping-taxable","12":"purchasable","13":"product-type-simple","14":"product-type-zakeke","15":"product-type-external"},"jetpack_publicize_connections":[],"jetpack_sharing_enabled":true,"_links":{"self":[{"href":"https:\/\/inspir3d.io\/fr\/wp-json\/wp\/v2\/product\/2893","targetHints":{"allow":["GET"]}}],"collection":[{"href":"https:\/\/inspir3d.io\/fr\/wp-json\/wp\/v2\/product"}],"about":[{"href":"https:\/\/inspir3d.io\/fr\/wp-json\/wp\/v2\/types\/product"}],"wp:featuredmedia":[{"embeddable":true,"href":"https:\/\/inspir3d.io\/fr\/wp-json\/wp\/v2\/media\/3291"}],"wp:attachment":[{"href":"https:\/\/inspir3d.io\/fr\/wp-json\/wp\/v2\/media?parent=2893"}],"wp:term":[{"taxonomy":"product_brand","embeddable":true,"href":"https:\/\/inspir3d.io\/fr\/wp-json\/wp\/v2\/product_brand?post=2893"},{"taxonomy":"product_cat","embeddable":true,"href":"https:\/\/inspir3d.io\/fr\/wp-json\/wp\/v2\/product_cat?post=2893"},{"taxonomy":"product_tag","embeddable":true,"href":"https:\/\/inspir3d.io\/fr\/wp-json\/wp\/v2\/product_tag?post=2893"}],"curies":[{"name":"wp","href":"https:\/\/api.w.org\/{rel}","templated":true}]}}