{"id":2895,"date":"2026-01-18T18:01:35","date_gmt":"2026-01-18T18:01:35","guid":{"rendered":"https:\/\/inspir3d.io\/product\/lit\/"},"modified":"2026-02-07T09:27:26","modified_gmt":"2026-02-07T09:27:26","slug":"montre-seiko","status":"publish","type":"product","link":"https:\/\/inspir3d.io\/fr\/product\/montre-seiko\/","title":{"rendered":"Montre Seiko"},"content":{"rendered":"<h2 data-start=\"1838\" data-end=\"1866\"><strong data-start=\"1841\" data-end=\"1866\">Configurateur de montres 3D<\/strong><\/h2>\n<p data-start=\"1868\" data-end=\"2092\">Donnez vie \u00e0 la pr\u00e9cision et \u00e0 l&rsquo;\u00e9l\u00e9gance avec un configurateur de montres 3D interactif. Permettez aux clients d&rsquo;explorer chaque d\u00e9tail de la montre, de personnaliser les bracelets, les cadrans et les finitions, et de d\u00e9couvrir le produit comme s&rsquo;ils l&rsquo;avaient en main. <\/p>\n<p data-start=\"2094\" data-end=\"2165\">D\u00e9couvrez comment la 3D am\u00e9liore la confiance et la conversion pour les montres haut de gamme.<\/p>\n<p data-start=\"2167\" data-end=\"2206\"><strong data-start=\"2167\" data-end=\"2206\">Pourquoi choisir un configurateur de montres 3D&nbsp;?<\/strong><\/p>\n<ul data-start=\"2207\" data-end=\"2532\">\n<li data-start=\"2207\" data-end=\"2262\">\n<p data-start=\"2209\" data-end=\"2262\">Pr\u00e9sentez des montres avec des visuels 3D r\u00e9alistes et haut de gamme<\/p>\n<\/li>\n<li data-start=\"2263\" data-end=\"2325\">\n<p data-start=\"2265\" data-end=\"2325\">Activez la personnalisation en direct des bracelets, des couleurs et des mat\u00e9riaux<\/p>\n<\/li>\n<li data-start=\"2326\" data-end=\"2380\">\n<p data-start=\"2328\" data-end=\"2380\">Renforcez la confiance gr\u00e2ce \u00e0 une visualisation d\u00e9taill\u00e9e des produits<\/p>\n<\/li>\n<li data-start=\"2381\" data-end=\"2436\">\n<p data-start=\"2383\" data-end=\"2436\">Augmentez l&rsquo;engagement et le temps pass\u00e9 sur les pages produits<\/p>\n<\/li>\n<li data-start=\"2437\" data-end=\"2474\">\n<p data-start=\"2439\" data-end=\"2474\">R\u00e9duisez l&rsquo;h\u00e9sitation avant l&rsquo;achat<\/p>\n<\/li>\n<li data-start=\"2475\" data-end=\"2532\">\n<p data-start=\"2477\" data-end=\"2532\">Int\u00e9grez-vous facilement aux plateformes de commerce \u00e9lectronique modernes<\/p>\n<\/li>\n<\/ul>\n<p data-start=\"2534\" data-end=\"2636\">Am\u00e9liorez votre exp\u00e9rience d&rsquo;achat de montres avec la 3D immersive.<\/p>\n<p data-start=\"2534\" data-end=\"2636\"><br data-start=\"2591\" data-end=\"2594\"><strong data-start=\"1789\" data-end=\"1831\">R\u00e9servez un appel gratuit avec un expert d\u00e8s aujourd&rsquo;hui.<\/strong><\/p>\n","protected":false},"excerpt":{"rendered":"<p>Offrez \u00e0 vos clients la possibilit\u00e9 de personnaliser facilement vos produits, comme cette montre.<\/p>\n","protected":false},"featured_media":3288,"template":"","meta":{"jetpack_post_was_ever_published":false,"jetpack_publicize_message":"","jetpack_publicize_feature_enabled":true,"jetpack_social_post_already_shared":true,"jetpack_social_options":{"image_generator_settings":{"template":"highway","default_image_id":0,"font":"","enabled":false},"version":2},"_wpas_customize_per_network":false},"product_brand":[],"product_cat":[74],"product_tag":[],"class_list":{"0":"post-2895","1":"product","2":"type-product","3":"status-publish","4":"has-post-thumbnail","6":"product_cat-accessoires","8":"first","9":"instock","10":"sold-individually","11":"shipping-taxable","12":"purchasable","13":"product-type-simple","14":"product-type-zakeke","15":"product-type-external"},"jetpack_publicize_connections":[],"jetpack_sharing_enabled":true,"_links":{"self":[{"href":"https:\/\/inspir3d.io\/fr\/wp-json\/wp\/v2\/product\/2895","targetHints":{"allow":["GET"]}}],"collection":[{"href":"https:\/\/inspir3d.io\/fr\/wp-json\/wp\/v2\/product"}],"about":[{"href":"https:\/\/inspir3d.io\/fr\/wp-json\/wp\/v2\/types\/product"}],"wp:featuredmedia":[{"embeddable":true,"href":"https:\/\/inspir3d.io\/fr\/wp-json\/wp\/v2\/media\/3288"}],"wp:attachment":[{"href":"https:\/\/inspir3d.io\/fr\/wp-json\/wp\/v2\/media?parent=2895"}],"wp:term":[{"taxonomy":"product_brand","embeddable":true,"href":"https:\/\/inspir3d.io\/fr\/wp-json\/wp\/v2\/product_brand?post=2895"},{"taxonomy":"product_cat","embeddable":true,"href":"https:\/\/inspir3d.io\/fr\/wp-json\/wp\/v2\/product_cat?post=2895"},{"taxonomy":"product_tag","embeddable":true,"href":"https:\/\/inspir3d.io\/fr\/wp-json\/wp\/v2\/product_tag?post=2895"}],"curies":[{"name":"wp","href":"https:\/\/api.w.org\/{rel}","templated":true}]}}