{"id":2897,"date":"2026-01-18T18:01:47","date_gmt":"2026-01-18T18:01:47","guid":{"rendered":"https:\/\/inspir3d.io\/product\/velo\/"},"modified":"2026-02-07T09:25:09","modified_gmt":"2026-02-07T09:25:09","slug":"velo","status":"publish","type":"product","link":"https:\/\/inspir3d.io\/fr\/product\/velo\/","title":{"rendered":"V\u00e9lo"},"content":{"rendered":"<h2 data-start=\"138\" data-end=\"168\"><strong data-start=\"141\" data-end=\"168\">Configurateur de v\u00e9los 3D<\/strong><\/h2>\n<p data-start=\"170\" data-end=\"425\">Stimulez vos clients avec une exp\u00e9rience de v\u00e9lo 3D interactive con\u00e7ue pour la personnalisation et l&rsquo;engagement. Permettez aux utilisateurs d&rsquo;explorer chaque angle du v\u00e9lo, de personnaliser les composants et de visualiser leur configuration parfaite en temps r\u00e9el avec une qualit\u00e9 3D exceptionnelle. <\/p>\n<p data-start=\"427\" data-end=\"496\">Lancez-vous et d\u00e9couvrez comment la 3D transforme la fa\u00e7on dont les v\u00e9los sont vendus en ligne.<\/p>\n<p data-start=\"498\" data-end=\"539\"><strong data-start=\"498\" data-end=\"539\">Pourquoi choisir un configurateur de v\u00e9los 3D&nbsp;?<\/strong><\/p>\n<ul data-start=\"540\" data-end=\"887\">\n<li data-start=\"540\" data-end=\"595\">\n<p data-start=\"542\" data-end=\"595\">Pr\u00e9sentez des v\u00e9los avec une visualisation 3D photor\u00e9aliste<\/p>\n<\/li>\n<li data-start=\"596\" data-end=\"665\">\n<p data-start=\"598\" data-end=\"665\">Offrez une personnalisation illimit\u00e9e pour les cadres, les couleurs et les accessoires<\/p>\n<\/li>\n<li data-start=\"666\" data-end=\"718\">\n<p data-start=\"668\" data-end=\"718\">Aidez les clients \u00e0 prendre des d\u00e9cisions d&rsquo;achat \u00e9clair\u00e9es<\/p>\n<\/li>\n<li data-start=\"719\" data-end=\"779\">\n<p data-start=\"721\" data-end=\"779\">R\u00e9duisez les retours en montrant exactement ce qu&rsquo;ils recevront<\/p>\n<\/li>\n<li data-start=\"780\" data-end=\"832\">\n<p data-start=\"782\" data-end=\"832\">Augmentez l&rsquo;engagement avec des exp\u00e9riences 3D interactives<\/p>\n<\/li>\n<li data-start=\"833\" data-end=\"887\">\n<p data-start=\"835\" data-end=\"887\">Int\u00e9grez-vous facilement \u00e0 votre plateforme de commerce \u00e9lectronique<\/p>\n<\/li>\n<\/ul>\n<p data-start=\"889\" data-end=\"1005\">\u00c9levez votre exp\u00e9rience d&rsquo;achat de v\u00e9lo au niveau sup\u00e9rieur avec la 3D immersive.<\/p>\n<p data-start=\"889\" data-end=\"1005\"><br data-start=\"960\" data-end=\"963\"><strong data-start=\"1789\" data-end=\"1831\">R\u00e9servez un appel gratuit avec un expert d\u00e8s aujourd&rsquo;hui.<\/strong><\/p>\n","protected":false},"excerpt":{"rendered":"<p>Personnalisez ce v\u00e9lo et d\u00e9couvrez la puissance du configurateur en action, il pourrait \u00eatre \u00e0 vous&nbsp;!<\/p>\n","protected":false},"featured_media":3265,"template":"","meta":{"jetpack_post_was_ever_published":false,"jetpack_publicize_message":"","jetpack_publicize_feature_enabled":true,"jetpack_social_post_already_shared":true,"jetpack_social_options":{"image_generator_settings":{"template":"highway","default_image_id":0,"font":"","enabled":false},"version":2},"_wpas_customize_per_network":false},"product_brand":[],"product_cat":[72],"product_tag":[],"class_list":{"0":"post-2897","1":"product","2":"type-product","3":"status-publish","4":"has-post-thumbnail","6":"product_cat-vehicule","8":"first","9":"instock","10":"featured","11":"sold-individually","12":"shipping-taxable","13":"purchasable","14":"product-type-simple","15":"product-type-zakeke","16":"product-type-external"},"jetpack_publicize_connections":[],"jetpack_sharing_enabled":true,"_links":{"self":[{"href":"https:\/\/inspir3d.io\/fr\/wp-json\/wp\/v2\/product\/2897","targetHints":{"allow":["GET"]}}],"collection":[{"href":"https:\/\/inspir3d.io\/fr\/wp-json\/wp\/v2\/product"}],"about":[{"href":"https:\/\/inspir3d.io\/fr\/wp-json\/wp\/v2\/types\/product"}],"wp:featuredmedia":[{"embeddable":true,"href":"https:\/\/inspir3d.io\/fr\/wp-json\/wp\/v2\/media\/3265"}],"wp:attachment":[{"href":"https:\/\/inspir3d.io\/fr\/wp-json\/wp\/v2\/media?parent=2897"}],"wp:term":[{"taxonomy":"product_brand","embeddable":true,"href":"https:\/\/inspir3d.io\/fr\/wp-json\/wp\/v2\/product_brand?post=2897"},{"taxonomy":"product_cat","embeddable":true,"href":"https:\/\/inspir3d.io\/fr\/wp-json\/wp\/v2\/product_cat?post=2897"},{"taxonomy":"product_tag","embeddable":true,"href":"https:\/\/inspir3d.io\/fr\/wp-json\/wp\/v2\/product_tag?post=2897"}],"curies":[{"name":"wp","href":"https:\/\/api.w.org\/{rel}","templated":true}]}}